{"id":38660,"date":"2025-03-06T16:03:31","date_gmt":"2025-03-06T15:03:31","guid":{"rendered":"https:\/\/web.dinamica.net\/?page_id=38660"},"modified":"2025-03-06T16:42:27","modified_gmt":"2025-03-06T15:42:27","slug":"monolock-sit-lock-30","status":"publish","type":"page","link":"https:\/\/web.dinamica.net\/en\/products\/locking-devices\/monolock-sit-lock-30\/","title":{"rendered":"MONOLOCK SIT-LOCK\u00ae 30"},"content":{"rendered":"<p>[et_pb_section admin_label=&#8221;section&#8221;]<br \/>\n\t\t\t[et_pb_row admin_label=&#8221;row&#8221;]<br \/>\n\t\t\t\t[et_pb_column type=&#8221;4_4&#8243;][et_pb_text admin_label=&#8221;Text&#8221;]<\/p>\n<h4>Downloads<\/h4>\n<ul>\n<li><a href=\"https:\/\/dinamica.net\/sit-lock_es\/\" target=\"_blank\" rel=\"noopener noreferrer\" data-wplink-edit=\"true\">Bujes de Fijaci\u00f3n sin chaveta SIT-LOCK<sup> \u00ae<\/sup><\/a> (1Mb)<\/li>\n<\/ul>\n<h4>Otros Links<\/h4>\n<ul>\n<li><a href=\"https:\/\/www.traceparts.com\/els\/sit\/es\/search\/sit-locking-assemblies-and-taper-bushes-sitlock-locking-assemblies?CatalogPath=SIT%3ASIT.3.1\" target=\"_blank\" rel=\"noopener noreferrer\">Descarga Bujes de sujeci\u00f3n CAD 3D<\/a><\/li>\n<\/ul>\n<p>Los bujes de sujeci\u00f3n sin chaveta SIT-LOCK \u00ae son ideales para cualquier aplicaci\u00f3n de conexi\u00f3n eje-cubo.<\/p>\n<p>Las unidades SIT-LOCK\u00ae son adecuadas para conectar cualquier tipo de elemento (volantes, pi\u00f1ones de cadena, engranajes, palancas, poleas, exc\u00e9ntricas, acoplamientos, etc.) y pueden ser utilizados en una amplia gama de aplicaciones industriales.<\/p>\n<h2>Caracter\u00edsticas<\/h2>\n<p>Ayudar a reducir los costos del ensamblado<\/p>\n<ul>\n<li>\u00a0\u00a0\u00a0 Ideal para aplicaciones de pr\u00f3xima generaci\u00f3n<\/li>\n<li>\u00a0\u00a0\u00a0 Alta precisi\u00f3n de posicionamiento axial y angular<\/li>\n<li>\u00a0\u00a0\u00a0 Ideal para aplicaciones que implican aceleraci\u00f3n y deceleraci\u00f3n<\/li>\n<li>\u00a0\u00a0\u00a0 Zero reacci\u00f3n<\/li>\n<li>\u00a0\u00a0\u00a0 F\u00e1cil de montar<\/li>\n<\/ul>\n<p><strong>Bujes de sujeci\u00f3n sin chaveta\u00a0 SIT-LOCK \u00ae<\/strong>: Configuraciones disponibles<\/p>\n<p>El buje de sujeci\u00f3n SIT-LOCK \u00ae tipo 1 consta de cuatro piezas con dos anillos interiores de doble cono, unidos a trav\u00e9s de un conjunto de tornillos de apriete. Recomendado para pares medios y aunque no es auto-centrado, puede ser f\u00e1cilmente montado y desmontado.<\/p>\n<p>Estos bujes de sujeci\u00f3n constan de un anillo c\u00f3nico interno y uno externo. Est\u00e1n dise\u00f1ados para trabajar en combinaci\u00f3n con una brida de sujeci\u00f3n, que se puede atornillar en el cubo o eje dependiendo de la necesidad de la aplicaci\u00f3n. El n\u00famero de tornillos de fijaci\u00f3n depende del par a transmitir. SIT-LOCK \u00ae 2 requiere dimensiones de instalaci\u00f3n axial muy peque\u00f1as. Se pueden montar hasta 4 unidades en serie, de modo que se puedan transmitir las altos pares. Buje de sujeci\u00f3n con dise\u00f1o de cono \u00fanico. Consta de dos anillos c\u00f3nicos y un espaciador. Presenta dimensiones generales m\u00ednimas en virtud del espesor reducido de los conos. SIT-LOCK \u00ae 3 es adecuado para las aplicaciones con cubos de paredes reducidas. Se recomienda para los pares medios-altos y es auto-centrante.<\/p>\n<p>Durante la instalaci\u00f3n del buje no se produce ning\u00fan desplazamiento axial de los cubos en el eje. Adecuado para pares altos y es auto-centrante. Recomendado para aplicaciones que requieren altos valores de transmisi\u00f3n y excelentes capacidades de centrado como tambores de banda. Buje de sujeci\u00f3n con dise\u00f1o de cono \u00fanico. Adecuado para pares altos. Proporciona un buen auto-centrado. Puede producirse un peque\u00f1o movimiento axial del cubo durante la operaci\u00f3n de instalaci\u00f3n. No se recomiendan para aplicaciones que requieran un posicionamiento axial preciso con este tipo de buje. Buje de sujeci\u00f3n con dise\u00f1o de cono \u00fanico. Es adecuado para pares altos. Proporcionar una buena concentricidad y autocentrado. Se recomienda para pares medios y es autocentrante. El dise\u00f1o con brida evita el movimiento axial durante la instalaci\u00f3n. Buje de sujeci\u00f3n con dise\u00f1o de cono \u00fanico. Proporciona una buena concentricidad y un buen aoto-centraje. Puede producirse un peque\u00f1o movimiento axial del cubo durante la operaci\u00f3n de instalaci\u00f3n. No se recomiendan para aplicaciones que requieran un posicionamiento axial preciso con este tipo de buje. El buje SITLOCK\u00ae 6 est\u00e1 recomendado para aplicaciones de pares a transmitir medios. Buje de sujeci\u00f3n con dise\u00f1o de cono \u00fanico. Proporciona una buena concentricidad y autocentrado. Se recomienda para pares medios. El dise\u00f1o de brida evita el movimiento axial durante la instalaci\u00f3n. Es adecuado para aplicaciones con pares medios, que necesitan un posicionamiento axial muy preciso<\/p>\n<p>Buje de sujeci\u00f3n con dise\u00f1o de cono \u00fanico. El dise\u00f1o con brida evita el movimiento axial durante la instalaci\u00f3n. El SIT-LOCK \u00ae 8 tiene una longitud comparada muy peque\u00f1a, es auto-centrante y ha sido dise\u00f1ado para adaptarse a varios di\u00e1metros de eje, con las mismas dimensiones exteriores. Se recomienda el SIT-LOCK\u00ae 8 para aplicaciones con pares medios que necesitan un buen posicionamiento axial. El n\u00famero limitado de tornillos hacen que la instalaci\u00f3n sea r\u00e1pida Consta de dos anillos c\u00f3nicos y una tuerca de fijaci\u00f3n. Su dise\u00f1o simple permite un \u00e1gil montaje\/desmontaje. SIT-LOCK\u00ae 9 es apto para aplicaciones con pares medios y peque\u00f1os.<\/p>\n<p>SIT-LOCK\u00ae 10 son bujes de sujeci\u00f3n con dise\u00f1o de cono doble. Ofrecen una sincronizaci\u00f3n angular muy f\u00e1cil y un ajuste axial de los extremos del eje. Transmiten un alto par y ofrecen una soluci\u00f3n de bajo costo para la conexi\u00f3n r\u00edgida de eje a eje.<\/p>\n<p>SIT-LOCK\u00ae 12 es un buje de sujeci\u00f3n. Adecuado para grandes cantidades en aplicaciones con pares medios.[\/vc_column_text]<\/p>\n<p>El buje SIT-LOCK \u00ae 13 similar al tipo est\u00e1ndar SITLOCK\u00ae 9 pero con una ejecuci\u00f3n de mayor longitud. Compuesto de dos anillos c\u00f3nicos y una tuerca de fijaci\u00f3n.<\/p>\n<p>Bujes de sujeci\u00f3n dise\u00f1ados para uni\u00f3n de ejes huecos con . Al bloquear los tornillos, las presiones radiales act\u00faan sobre el eje, lo que permite una conexi\u00f3n eficaz y s\u00f3lida. Recomendado para pares medios y altos. SIT-LOCK\u00ae 11 tambi\u00e9n se fabrica en versiones \u201cSPLIT\u201d y \u201cHALF\u201d para aplicaciones especiales.<\/p>\n<p>El buje de sujeci\u00f3n de la serie 14 se componen de un solo anillo c\u00f3nico en diferencia al tipo 11 que consta de 3 piezas. Estos bujes presentan una concentricidad y autocentraje superior y un grado deequilibrado din\u00e1mico mayor. Adecuado para para aplicaciones con velocidades medio -altas. Se fabrican en 5 diferentes variantes.<\/p>\n<p>Adecuado para servomotores y poleas de peque\u00f1o di\u00e1metro. Genera una capacidad de esfuerzo axial similar a la resistencia de los tornillos y el movimiento axial que genera en el montaje se puede utilizar para bloqueo axial de los rodamientos .Compuesto por un \u00fanico anillo cil\u00edndrico en el que se le practica un orificio c\u00f3nico. En el orificio c\u00f3nico se inserta un tornillo especial con una superficie c\u00f3nica.<\/p>\n<p>El tornillo es de calidad 12.9 para permitir los pares de apriete indicados en las tablas.<\/p>\n<p><strong>Beneficios<\/strong><\/p>\n<ul>\n<li>Montaje y desmontaje r\u00e1pido y sencillo<\/li>\n<li>R\u00e1pida instalaci\u00f3n y desinstalaci\u00f3n<\/li>\n<li>Econ\u00f3mico<\/li>\n<li>Dimensiones compactas<\/li>\n<\/ul>\n<p><strong>Recomendado para la conexi\u00f3n de:<\/strong><\/p>\n<ul>\n<li>Poleas de distribuci\u00f3n<\/li>\n<li>Pi\u00f1ones<\/li>\n<li>Palancas<\/li>\n<li>C\u00e1maras<\/li>\n<li>Engranajes<\/li>\n<\/ul>\n<p>[\/et_pb_text][\/et_pb_column]<br \/>\n\t\t\t[\/et_pb_row]<br \/>\n\t\t[\/et_pb_section]<\/p>\n","protected":false},"excerpt":{"rendered":"<p>Downloads Bujes de Fijaci\u00f3n sin chaveta SIT-LOCK \u00ae (1Mb) Otros Links Descarga Bujes de sujeci\u00f3n CAD 3D Los bujes de sujeci\u00f3n sin chaveta SIT-LOCK \u00ae son ideales para cualquier aplicaci\u00f3n de conexi\u00f3n eje-cubo. Las unidades SIT-LOCK\u00ae son adecuadas para conectar cualquier tipo de elemento (volantes, pi\u00f1ones de cadena, engranajes, palancas, poleas, exc\u00e9ntricas, acoplamientos, etc.) y [&hellip;]<\/p>\n","protected":false},"author":10,"featured_media":0,"parent":28222,"menu_order":901,"comment_status":"closed","ping_status":"closed","template":"","meta":{"_acf_changed":false,"_et_pb_use_builder":"on","_et_pb_old_content":"<h4>Downloads<\/h4>\n<ul>\n \t<li><a href=\"https:\/\/dinamica.net\/sit-lock_es\/\" target=\"_blank\" rel=\"noopener noreferrer\" data-wplink-edit=\"true\">Bujes de Fijaci\u00f3n sin chaveta SIT-LOCK<sup> \u00ae<\/sup><\/a> (1Mb)<\/li>\n<\/ul>\n<h4>Otros Links<\/h4>\n<ul>\n \t<li><a href=\"https:\/\/www.traceparts.com\/els\/sit\/es\/search\/sit-locking-assemblies-and-taper-bushes-sitlock-locking-assemblies?CatalogPath=SIT%3ASIT.3.1\" target=\"_blank\" rel=\"noopener noreferrer\">Descarga Bujes de sujeci\u00f3n CAD 3D<\/a><\/li>\n<\/ul>\nLos bujes de sujeci\u00f3n sin chaveta SIT-LOCK \u00ae son ideales para cualquier aplicaci\u00f3n de conexi\u00f3n eje-cubo.\n\nLas unidades SIT-LOCK\u00ae son adecuadas para conectar cualquier tipo de elemento (volantes, pi\u00f1ones de cadena, engranajes, palancas, poleas, exc\u00e9ntricas, acoplamientos, etc.) y pueden ser utilizados en una amplia gama de aplicaciones industriales.\n<h2>Caracter\u00edsticas<\/h2>\nAyudar a reducir los costos del ensamblado\n<ul>\n \t<li>\u00a0\u00a0\u00a0 Ideal para aplicaciones de pr\u00f3xima generaci\u00f3n<\/li>\n \t<li>\u00a0\u00a0\u00a0 Alta precisi\u00f3n de posicionamiento axial y angular<\/li>\n \t<li>\u00a0\u00a0\u00a0 Ideal para aplicaciones que implican aceleraci\u00f3n y deceleraci\u00f3n<\/li>\n \t<li>\u00a0\u00a0\u00a0 Zero reacci\u00f3n<\/li>\n \t<li>\u00a0\u00a0\u00a0 F\u00e1cil de montar<\/li>\n<\/ul>\n<strong>Bujes de sujeci\u00f3n sin chaveta\u00a0 SIT-LOCK \u00ae<\/strong>: Configuraciones disponibles\n\nEl buje de sujeci\u00f3n SIT-LOCK \u00ae tipo 1 consta de cuatro piezas con dos anillos interiores de doble cono, unidos a trav\u00e9s de un conjunto de tornillos de apriete. Recomendado para pares medios y aunque no es auto-centrado, puede ser f\u00e1cilmente montado y desmontado.\n\nEstos bujes de sujeci\u00f3n constan de un anillo c\u00f3nico interno y uno externo. Est\u00e1n dise\u00f1ados para trabajar en combinaci\u00f3n con una brida de sujeci\u00f3n, que se puede atornillar en el cubo o eje dependiendo de la necesidad de la aplicaci\u00f3n. El n\u00famero de tornillos de fijaci\u00f3n depende del par a transmitir. SIT-LOCK \u00ae 2 requiere dimensiones de instalaci\u00f3n axial muy peque\u00f1as. Se pueden montar hasta 4 unidades en serie, de modo que se puedan transmitir las altos pares. Buje de sujeci\u00f3n con dise\u00f1o de cono \u00fanico. Consta de dos anillos c\u00f3nicos y un espaciador. Presenta dimensiones generales m\u00ednimas en virtud del espesor reducido de los conos. SIT-LOCK \u00ae 3 es adecuado para las aplicaciones con cubos de paredes reducidas. Se recomienda para los pares medios-altos y es auto-centrante.\n\nDurante la instalaci\u00f3n del buje no se produce ning\u00fan desplazamiento axial de los cubos en el eje. Adecuado para pares altos y es auto-centrante. Recomendado para aplicaciones que requieren altos valores de transmisi\u00f3n y excelentes capacidades de centrado como tambores de banda. Buje de sujeci\u00f3n con dise\u00f1o de cono \u00fanico. Adecuado para pares altos. Proporciona un buen auto-centrado. Puede producirse un peque\u00f1o movimiento axial del cubo durante la operaci\u00f3n de instalaci\u00f3n. No se recomiendan para aplicaciones que requieran un posicionamiento axial preciso con este tipo de buje. Buje de sujeci\u00f3n con dise\u00f1o de cono \u00fanico. Es adecuado para pares altos. Proporcionar una buena concentricidad y autocentrado. Se recomienda para pares medios y es autocentrante. El dise\u00f1o con brida evita el movimiento axial durante la instalaci\u00f3n. Buje de sujeci\u00f3n con dise\u00f1o de cono \u00fanico. Proporciona una buena concentricidad y un buen aoto-centraje. Puede producirse un peque\u00f1o movimiento axial del cubo durante la operaci\u00f3n de instalaci\u00f3n. No se recomiendan para aplicaciones que requieran un posicionamiento axial preciso con este tipo de buje. El buje SITLOCK\u00ae 6 est\u00e1 recomendado para aplicaciones de pares a transmitir medios. Buje de sujeci\u00f3n con dise\u00f1o de cono \u00fanico. Proporciona una buena concentricidad y autocentrado. Se recomienda para pares medios. El dise\u00f1o de brida evita el movimiento axial durante la instalaci\u00f3n. Es adecuado para aplicaciones con pares medios, que necesitan un posicionamiento axial muy preciso\n\nBuje de sujeci\u00f3n con dise\u00f1o de cono \u00fanico. El dise\u00f1o con brida evita el movimiento axial durante la instalaci\u00f3n. El SIT-LOCK \u00ae 8 tiene una longitud comparada muy peque\u00f1a, es auto-centrante y ha sido dise\u00f1ado para adaptarse a varios di\u00e1metros de eje, con las mismas dimensiones exteriores. Se recomienda el SIT-LOCK\u00ae 8 para aplicaciones con pares medios que necesitan un buen posicionamiento axial. El n\u00famero limitado de tornillos hacen que la instalaci\u00f3n sea r\u00e1pida Consta de dos anillos c\u00f3nicos y una tuerca de fijaci\u00f3n. Su dise\u00f1o simple permite un \u00e1gil montaje\/desmontaje. SIT-LOCK\u00ae 9 es apto para aplicaciones con pares medios y peque\u00f1os.\n\nSIT-LOCK\u00ae 10 son bujes de sujeci\u00f3n con dise\u00f1o de cono doble. Ofrecen una sincronizaci\u00f3n angular muy f\u00e1cil y un ajuste axial de los extremos del eje. Transmiten un alto par y ofrecen una soluci\u00f3n de bajo costo para la conexi\u00f3n r\u00edgida de eje a eje.\n\nSIT-LOCK\u00ae 12 es un buje de sujeci\u00f3n. Adecuado para grandes cantidades en aplicaciones con pares medios.[\/vc_column_text]\n\nEl buje SIT-LOCK \u00ae 13 similar al tipo est\u00e1ndar SITLOCK\u00ae 9 pero con una ejecuci\u00f3n de mayor longitud. Compuesto de dos anillos c\u00f3nicos y una tuerca de fijaci\u00f3n.\n\nBujes de sujeci\u00f3n dise\u00f1ados para uni\u00f3n de ejes huecos con . Al bloquear los tornillos, las presiones radiales act\u00faan sobre el eje, lo que permite una conexi\u00f3n eficaz y s\u00f3lida. Recomendado para pares medios y altos. SIT-LOCK\u00ae 11 tambi\u00e9n se fabrica en versiones \u201cSPLIT\u201d y \u201cHALF\u201d para aplicaciones especiales.\n\nEl buje de sujeci\u00f3n de la serie 14 se componen de un solo anillo c\u00f3nico en diferencia al tipo 11 que consta de 3 piezas. Estos bujes presentan una concentricidad y autocentraje superior y un grado deequilibrado din\u00e1mico mayor. Adecuado para para aplicaciones con velocidades medio -altas. Se fabrican en 5 diferentes variantes.\n\nAdecuado para servomotores y poleas de peque\u00f1o di\u00e1metro. Genera una capacidad de esfuerzo axial similar a la resistencia de los tornillos y el movimiento axial que genera en el montaje se puede utilizar para bloqueo axial de los rodamientos .Compuesto por un \u00fanico anillo cil\u00edndrico en el que se le practica un orificio c\u00f3nico. En el orificio c\u00f3nico se inserta un tornillo especial con una superficie c\u00f3nica.\n\nEl tornillo es de calidad 12.9 para permitir los pares de apriete indicados en las tablas.\n\n<strong>Beneficios<\/strong>\n<ul>\n \t<li>Montaje y desmontaje r\u00e1pido y sencillo<\/li>\n \t<li>R\u00e1pida instalaci\u00f3n y desinstalaci\u00f3n<\/li>\n \t<li>Econ\u00f3mico<\/li>\n \t<li>Dimensiones compactas<\/li>\n<\/ul>\n<strong>Recomendado para la conexi\u00f3n de:<\/strong>\n<ul>\n \t<li>Poleas de distribuci\u00f3n<\/li>\n \t<li>Pi\u00f1ones<\/li>\n \t<li>Palancas<\/li>\n \t<li>C\u00e1maras<\/li>\n \t<li>Engranajes<\/li>\n<\/ul>","_et_gb_content_width":"","inline_featured_image":false,"footnotes":""},"tags":[71,73],"class_list":["post-38660","page","type-page","status-publish","hentry","tag-no-asociado","tag-no-asociado-en"],"acf":[],"yoast_head":"<!-- This site is optimized with the Yoast SEO plugin v24.4 - https:\/\/yoast.com\/wordpress\/plugins\/seo\/ -->\n<title>MONOLOCK SIT-LOCK\u00ae 30 | Din\u00e1mica<\/title>\n<meta name=\"description\" content=\"Los dispositivos de bloqueo sin llave SIT-LOCK \u00ae son ideales para cualquier aplicaci\u00f3n de conexi\u00f3n eje-concentrador.Las unidades SIT-LOCK\u00ae son adecuadas para conectar cualquier tipo de concentrador (volantes, ruedas de cadena, engranajes, palancas, poleas, exc\u00e9ngicos, acoplamientos, etc.) y pueden ser utilizados en una variada gama de aplicaciones industriales.\" \/>\n<meta name=\"robots\" content=\"noindex, follow, max-snippet:-1, max-image-preview:large, max-video-preview:-1\" \/>\n<meta property=\"og:locale\" content=\"en_US\" \/>\n<meta property=\"og:type\" content=\"article\" \/>\n<meta property=\"og:title\" content=\"MONOLOCK SIT-LOCK\u00ae 30 | Din\u00e1mica\" \/>\n<meta property=\"og:description\" content=\"Los dispositivos de bloqueo sin llave SIT-LOCK \u00ae son ideales para cualquier aplicaci\u00f3n de conexi\u00f3n eje-concentrador.Las unidades SIT-LOCK\u00ae son adecuadas para conectar cualquier tipo de concentrador (volantes, ruedas de cadena, engranajes, palancas, poleas, exc\u00e9ngicos, acoplamientos, etc.) y pueden ser utilizados en una variada gama de aplicaciones industriales.\" \/>\n<meta property=\"og:url\" content=\"https:\/\/web.dinamica.net\/productos\/bujes-fijacion\/monolock-sit-lock-30\/\" \/>\n<meta property=\"og:site_name\" content=\"Din\u00e1mica\" \/>\n<meta property=\"article:modified_time\" content=\"2025-03-06T15:42:27+00:00\" \/>\n<meta name=\"twitter:card\" content=\"summary_large_image\" \/>\n<meta name=\"twitter:label1\" content=\"Est. reading time\" \/>\n\t<meta name=\"twitter:data1\" content=\"5 minutes\" \/>\n<script type=\"application\/ld+json\" class=\"yoast-schema-graph\">{\"@context\":\"https:\/\/schema.org\",\"@graph\":[{\"@type\":\"WebPage\",\"@id\":\"https:\/\/web.dinamica.net\/productos\/bujes-fijacion\/monolock-sit-lock-30\/\",\"url\":\"https:\/\/web.dinamica.net\/productos\/bujes-fijacion\/monolock-sit-lock-30\/\",\"name\":\"MONOLOCK SIT-LOCK\u00ae 30 | Din\u00e1mica\",\"isPartOf\":{\"@id\":\"https:\/\/web.dinamica.net\/#website\"},\"datePublished\":\"2025-03-06T15:03:31+00:00\",\"dateModified\":\"2025-03-06T15:42:27+00:00\",\"description\":\"Los dispositivos de bloqueo sin llave SIT-LOCK \u00ae son ideales para cualquier aplicaci\u00f3n de conexi\u00f3n eje-concentrador.Las unidades SIT-LOCK\u00ae son adecuadas para conectar cualquier tipo de concentrador (volantes, ruedas de cadena, engranajes, palancas, poleas, exc\u00e9ngicos, acoplamientos, etc.) y pueden ser utilizados en una variada gama de aplicaciones industriales.\",\"breadcrumb\":{\"@id\":\"https:\/\/web.dinamica.net\/productos\/bujes-fijacion\/monolock-sit-lock-30\/#breadcrumb\"},\"inLanguage\":\"en-US\",\"potentialAction\":[{\"@type\":\"ReadAction\",\"target\":[\"https:\/\/web.dinamica.net\/productos\/bujes-fijacion\/monolock-sit-lock-30\/\"]}]},{\"@type\":\"BreadcrumbList\",\"@id\":\"https:\/\/web.dinamica.net\/productos\/bujes-fijacion\/monolock-sit-lock-30\/#breadcrumb\",\"itemListElement\":[{\"@type\":\"ListItem\",\"position\":1,\"name\":\"Home\",\"item\":\"https:\/\/web.dinamica.net\/en\/\"},{\"@type\":\"ListItem\",\"position\":2,\"name\":\"Products\",\"item\":\"https:\/\/web.dinamica.net\/en\/products\/\"},{\"@type\":\"ListItem\",\"position\":3,\"name\":\"Locking Devices\",\"item\":\"https:\/\/web.dinamica.net\/productos\/bujes-fijacion\/\"},{\"@type\":\"ListItem\",\"position\":4,\"name\":\"MONOLOCK SIT-LOCK\u00ae 30\"}]},{\"@type\":\"WebSite\",\"@id\":\"https:\/\/web.dinamica.net\/#website\",\"url\":\"https:\/\/web.dinamica.net\/\",\"name\":\"Din\u00e1mica\",\"description\":\"Componentes. Soluciones. Transmision de potencia. Movimiento lineal.\",\"publisher\":{\"@id\":\"https:\/\/web.dinamica.net\/#organization\"},\"potentialAction\":[{\"@type\":\"SearchAction\",\"target\":{\"@type\":\"EntryPoint\",\"urlTemplate\":\"https:\/\/web.dinamica.net\/?s={search_term_string}\"},\"query-input\":{\"@type\":\"PropertyValueSpecification\",\"valueRequired\":true,\"valueName\":\"search_term_string\"}}],\"inLanguage\":\"en-US\"},{\"@type\":\"Organization\",\"@id\":\"https:\/\/web.dinamica.net\/#organization\",\"name\":\"Dinamica Drive Solutions,S.A.\",\"url\":\"https:\/\/web.dinamica.net\/\",\"logo\":{\"@type\":\"ImageObject\",\"inLanguage\":\"en-US\",\"@id\":\"https:\/\/web.dinamica.net\/#\/schema\/logo\/image\/\",\"url\":\"https:\/\/dinamica.net\/wp-content\/uploads\/logo-lletres-negres-800.jpg\",\"contentUrl\":\"https:\/\/dinamica.net\/wp-content\/uploads\/logo-lletres-negres-800.jpg\",\"width\":600,\"height\":151,\"caption\":\"Dinamica Drive Solutions,S.A.\"},\"image\":{\"@id\":\"https:\/\/web.dinamica.net\/#\/schema\/logo\/image\/\"},\"sameAs\":[\"https:\/\/www.linkedin.com\/company\/dinamica-ds\"]}]}<\/script>\n<!-- \/ Yoast SEO plugin. -->","yoast_head_json":{"title":"MONOLOCK SIT-LOCK\u00ae 30 | Din\u00e1mica","description":"Los dispositivos de bloqueo sin llave SIT-LOCK \u00ae son ideales para cualquier aplicaci\u00f3n de conexi\u00f3n eje-concentrador.Las unidades SIT-LOCK\u00ae son adecuadas para conectar cualquier tipo de concentrador (volantes, ruedas de cadena, engranajes, palancas, poleas, exc\u00e9ngicos, acoplamientos, etc.) y pueden ser utilizados en una variada gama de aplicaciones industriales.","robots":{"index":"noindex","follow":"follow","max-snippet":"max-snippet:-1","max-image-preview":"max-image-preview:large","max-video-preview":"max-video-preview:-1"},"og_locale":"en_US","og_type":"article","og_title":"MONOLOCK SIT-LOCK\u00ae 30 | Din\u00e1mica","og_description":"Los dispositivos de bloqueo sin llave SIT-LOCK \u00ae son ideales para cualquier aplicaci\u00f3n de conexi\u00f3n eje-concentrador.Las unidades SIT-LOCK\u00ae son adecuadas para conectar cualquier tipo de concentrador (volantes, ruedas de cadena, engranajes, palancas, poleas, exc\u00e9ngicos, acoplamientos, etc.) y pueden ser utilizados en una variada gama de aplicaciones industriales.","og_url":"https:\/\/web.dinamica.net\/productos\/bujes-fijacion\/monolock-sit-lock-30\/","og_site_name":"Din\u00e1mica","article_modified_time":"2025-03-06T15:42:27+00:00","twitter_card":"summary_large_image","twitter_misc":{"Est. reading time":"5 minutes"},"schema":{"@context":"https:\/\/schema.org","@graph":[{"@type":"WebPage","@id":"https:\/\/web.dinamica.net\/productos\/bujes-fijacion\/monolock-sit-lock-30\/","url":"https:\/\/web.dinamica.net\/productos\/bujes-fijacion\/monolock-sit-lock-30\/","name":"MONOLOCK SIT-LOCK\u00ae 30 | Din\u00e1mica","isPartOf":{"@id":"https:\/\/web.dinamica.net\/#website"},"datePublished":"2025-03-06T15:03:31+00:00","dateModified":"2025-03-06T15:42:27+00:00","description":"Los dispositivos de bloqueo sin llave SIT-LOCK \u00ae son ideales para cualquier aplicaci\u00f3n de conexi\u00f3n eje-concentrador.Las unidades SIT-LOCK\u00ae son adecuadas para conectar cualquier tipo de concentrador (volantes, ruedas de cadena, engranajes, palancas, poleas, exc\u00e9ngicos, acoplamientos, etc.) y pueden ser utilizados en una variada gama de aplicaciones industriales.","breadcrumb":{"@id":"https:\/\/web.dinamica.net\/productos\/bujes-fijacion\/monolock-sit-lock-30\/#breadcrumb"},"inLanguage":"en-US","potentialAction":[{"@type":"ReadAction","target":["https:\/\/web.dinamica.net\/productos\/bujes-fijacion\/monolock-sit-lock-30\/"]}]},{"@type":"BreadcrumbList","@id":"https:\/\/web.dinamica.net\/productos\/bujes-fijacion\/monolock-sit-lock-30\/#breadcrumb","itemListElement":[{"@type":"ListItem","position":1,"name":"Home","item":"https:\/\/web.dinamica.net\/en\/"},{"@type":"ListItem","position":2,"name":"Products","item":"https:\/\/web.dinamica.net\/en\/products\/"},{"@type":"ListItem","position":3,"name":"Locking Devices","item":"https:\/\/web.dinamica.net\/productos\/bujes-fijacion\/"},{"@type":"ListItem","position":4,"name":"MONOLOCK SIT-LOCK\u00ae 30"}]},{"@type":"WebSite","@id":"https:\/\/web.dinamica.net\/#website","url":"https:\/\/web.dinamica.net\/","name":"Din\u00e1mica","description":"Componentes. Soluciones. Transmision de potencia. Movimiento lineal.","publisher":{"@id":"https:\/\/web.dinamica.net\/#organization"},"potentialAction":[{"@type":"SearchAction","target":{"@type":"EntryPoint","urlTemplate":"https:\/\/web.dinamica.net\/?s={search_term_string}"},"query-input":{"@type":"PropertyValueSpecification","valueRequired":true,"valueName":"search_term_string"}}],"inLanguage":"en-US"},{"@type":"Organization","@id":"https:\/\/web.dinamica.net\/#organization","name":"Dinamica Drive Solutions,S.A.","url":"https:\/\/web.dinamica.net\/","logo":{"@type":"ImageObject","inLanguage":"en-US","@id":"https:\/\/web.dinamica.net\/#\/schema\/logo\/image\/","url":"https:\/\/dinamica.net\/wp-content\/uploads\/logo-lletres-negres-800.jpg","contentUrl":"https:\/\/dinamica.net\/wp-content\/uploads\/logo-lletres-negres-800.jpg","width":600,"height":151,"caption":"Dinamica Drive Solutions,S.A."},"image":{"@id":"https:\/\/web.dinamica.net\/#\/schema\/logo\/image\/"},"sameAs":["https:\/\/www.linkedin.com\/company\/dinamica-ds"]}]}},"_links":{"self":[{"href":"https:\/\/web.dinamica.net\/en\/wp-json\/wp\/v2\/pages\/38660","targetHints":{"allow":["GET"]}}],"collection":[{"href":"https:\/\/web.dinamica.net\/en\/wp-json\/wp\/v2\/pages"}],"about":[{"href":"https:\/\/web.dinamica.net\/en\/wp-json\/wp\/v2\/types\/page"}],"author":[{"embeddable":true,"href":"https:\/\/web.dinamica.net\/en\/wp-json\/wp\/v2\/users\/10"}],"replies":[{"embeddable":true,"href":"https:\/\/web.dinamica.net\/en\/wp-json\/wp\/v2\/comments?post=38660"}],"version-history":[{"count":16,"href":"https:\/\/web.dinamica.net\/en\/wp-json\/wp\/v2\/pages\/38660\/revisions"}],"predecessor-version":[{"id":38684,"href":"https:\/\/web.dinamica.net\/en\/wp-json\/wp\/v2\/pages\/38660\/revisions\/38684"}],"up":[{"embeddable":true,"href":"https:\/\/web.dinamica.net\/en\/wp-json\/wp\/v2\/pages\/28222"}],"wp:attachment":[{"href":"https:\/\/web.dinamica.net\/en\/wp-json\/wp\/v2\/media?parent=38660"}],"wp:term":[{"taxonomy":"post_tag","embeddable":true,"href":"https:\/\/web.dinamica.net\/en\/wp-json\/wp\/v2\/tags?post=38660"}],"curies":[{"name":"wp","href":"https:\/\/api.w.org\/{rel}","templated":true}]}}