{"id":34069,"date":"2024-06-06T09:32:56","date_gmt":"2024-06-06T07:32:56","guid":{"rendered":"https:\/\/dinamica.net\/products\/planetary-nidec-shimpo-gearbox\/unidad-de-traccion-3\/"},"modified":"2025-04-22T12:45:46","modified_gmt":"2025-04-22T10:45:46","slug":"traction-drive","status":"publish","type":"page","link":"https:\/\/web.dinamica.net\/en\/products\/planetary-nidec-shimpo-gearbox\/traction-drive\/","title":{"rendered":"Traction drive"},"content":{"rendered":"<p>[et_pb_section fb_built=&#8221;1&#8243; _builder_version=&#8221;4.24.2&#8243; _module_preset=&#8221;default&#8221; use_background_color_gradient=&#8221;on&#8221; background_color_gradient_stops=&#8221;rgba(0,0,0,0.7) 0%|rgba(0,0,0,0.7) 100%&#8221; background_color_gradient_overlays_image=&#8221;on&#8221; background_image=&#8221;https:\/\/dinamica.net\/wp-content\/uploads\/cabecera-productos.jpg&#8221; parallax=&#8221;on&#8221; parallax_method=&#8221;off&#8221; custom_padding=&#8221;10px||10px||true|false&#8221; locked=&#8221;off&#8221; global_colors_info=&#8221;{}&#8221;][et_pb_row _builder_version=&#8221;4.24.2&#8243; _module_preset=&#8221;default&#8221; locked=&#8221;off&#8221; global_colors_info=&#8221;{}&#8221;][et_pb_column type=&#8221;4_4&#8243; _builder_version=&#8221;4.24.2&#8243; _module_preset=&#8221;default&#8221; global_colors_info=&#8221;{}&#8221;][et_pb_text _builder_version=&#8221;4.25.0&#8243; _dynamic_attributes=&#8221;content&#8221; _module_preset=&#8221;default&#8221; header_font=&#8221;Roboto|900|||||||&#8221; header_text_color=&#8221;#009b4f&#8221; header_font_size=&#8221;40px&#8221; custom_margin=&#8221;||6px||false|false&#8221; custom_padding=&#8221;||0px||false|false&#8221; global_colors_info=&#8221;{}&#8221;]@ET-DC@eyJkeW5hbWljIjp0cnVlLCJjb250ZW50IjoicG9zdF90aXRsZSIsInNldHRpbmdzIjp7ImJlZm9yZSI6IjxoMT4iLCJhZnRlciI6IjwvaDE+In19@[\/et_pb_text][lwp_divi_breadcrumbs _builder_version=&#8221;4.24.2&#8243; _module_preset=&#8221;default&#8221; custom_margin=&#8221;0px||0px||true|false&#8221; custom_padding=&#8221;0px||0px||false|false&#8221; global_colors_info=&#8221;{}&#8221;][\/lwp_divi_breadcrumbs][\/et_pb_column][\/et_pb_row][\/et_pb_section][et_pb_section fb_built=&#8221;1&#8243; _builder_version=&#8221;4.25.0&#8243; _module_preset=&#8221;default&#8221; global_colors_info=&#8221;{}&#8221;][et_pb_row column_structure=&#8221;3_5,2_5&#8243; _builder_version=&#8221;4.24.2&#8243; _module_preset=&#8221;default&#8221; custom_padding=&#8221;8px||8px||true|false&#8221; locked=&#8221;off&#8221; global_colors_info=&#8221;{}&#8221;][et_pb_column type=&#8221;3_5&#8243; _builder_version=&#8221;4.24.2&#8243; _module_preset=&#8221;default&#8221; global_colors_info=&#8221;{}&#8221;][et_pb_gallery gallery_ids=&#8221;24225,24226,24227&#8243; fullwidth=&#8221;on&#8221; _builder_version=&#8221;4.25.0&#8243; _module_preset=&#8221;default&#8221; global_colors_info=&#8221;{}&#8221;][\/et_pb_gallery][\/et_pb_column][et_pb_column type=&#8221;2_5&#8243; _builder_version=&#8221;4.24.2&#8243; _module_preset=&#8221;default&#8221; background_enable_color=&#8221;off&#8221; global_colors_info=&#8221;{%22gcid-06725cdd-daa5-4c0f-8b5f-a4a8f46e940a%22:%91%22background_color%22%93}&#8221;][et_pb_text _builder_version=&#8221;4.25.0&#8243; _module_preset=&#8221;default&#8221; text_font=&#8221;Roboto|300|||||||&#8221; text_text_color=&#8221;#000000&#8243; header_2_font=&#8221;Roboto|700|||||||&#8221; header_2_text_color=&#8221;gcid-06725cdd-daa5-4c0f-8b5f-a4a8f46e940a&#8221; custom_margin=&#8221;||0px||false|false&#8221; custom_padding=&#8221;||0px||false|false&#8221; global_colors_info=&#8221;{%22gcid-06725cdd-daa5-4c0f-8b5f-a4a8f46e940a%22:%91%22header_2_text_color%22%93}&#8221;]<\/p>\n<h2>Downloads<\/h2>\n<p>[\/et_pb_text][et_pb_button button_url=&#8221;https:\/\/web.dinamica.net\/wp-content\/uploads\/_documents\/en\/Traction-Drive-Brochure.pdf&#8221; button_text=&#8221;Traction Drive Brochure (0,5Mb)&#8221; _builder_version=&#8221;4.27.4&#8243; _module_preset=&#8221;default&#8221; custom_button=&#8221;on&#8221; button_text_size=&#8221;16px&#8221; button_text_color=&#8221;gcid-06725cdd-daa5-4c0f-8b5f-a4a8f46e940a&#8221; button_border_width=&#8221;0px&#8221; button_border_color=&#8221;gcid-06725cdd-daa5-4c0f-8b5f-a4a8f46e940a&#8221; button_border_radius=&#8221;1px&#8221; button_font=&#8221;Roboto|300|||||||&#8221; button_icon=&#8221;&#xf1c1;||fa||900&#8243; button_icon_color=&#8221;gcid-06725cdd-daa5-4c0f-8b5f-a4a8f46e940a&#8221; button_icon_placement=&#8221;left&#8221; button_on_hover=&#8221;off&#8221; custom_margin=&#8221;||13px|||&#8221; hover_enabled=&#8221;0&#8243; global_colors_info=&#8221;{%22gcid-06725cdd-daa5-4c0f-8b5f-a4a8f46e940a%22:%91%22button_text_color__hover%22,%22button_icon_color__hover%22,%22button_text_color%22,%22button_icon_color%22,%22button_border_color__hover%22,%22button_border_color%22%93}&#8221; button_icon_color__hover_enabled=&#8221;on|desktop&#8221; button_border_color__hover_enabled=&#8221;on|desktop&#8221; button_border_color__hover=&#8221;#009b4f&#8221; button_icon_color__hover=&#8221;&#8221; url_new_window=&#8221;on&#8221; sticky_enabled=&#8221;0&#8243;][\/et_pb_button][\/et_pb_column][\/et_pb_row][\/et_pb_section][et_pb_section fb_built=&#8221;1&#8243; _builder_version=&#8221;4.24.2&#8243; _module_preset=&#8221;default&#8221; background_color=&#8221;gcid-6c0f409e-071f-4587-853a-8a7c6c40b634&#8243; custom_padding=&#8221;15px||15px||true|false&#8221; locked=&#8221;off&#8221; global_colors_info=&#8221;{%22gcid-6c0f409e-071f-4587-853a-8a7c6c40b634%22:%91%22background_color%22%93}&#8221;][et_pb_row _builder_version=&#8221;4.24.2&#8243; _module_preset=&#8221;default&#8221; custom_padding=&#8221;8px||8px||true|false&#8221; global_colors_info=&#8221;{}&#8221;][et_pb_column type=&#8221;4_4&#8243; _builder_version=&#8221;4.24.2&#8243; _module_preset=&#8221;default&#8221; global_colors_info=&#8221;{}&#8221;][et_pb_text _builder_version=&#8221;4.25.0&#8243; _module_preset=&#8221;default&#8221; text_font=&#8221;Roboto|300|||||||&#8221; text_text_color=&#8221;#000000&#8243; header_2_font=&#8221;Roboto||||||||&#8221; header_2_text_color=&#8221;gcid-06725cdd-daa5-4c0f-8b5f-a4a8f46e940a&#8221; header_2_line_height=&#8221;1.7em&#8221; global_colors_info=&#8221;{%22gcid-06725cdd-daa5-4c0f-8b5f-a4a8f46e940a%22:%91%22header_2_text_color%22%93}&#8221;]<\/p>\n<h2><strong>Description:<\/strong><\/h2>\n<p>La tracci\u00f3n es una tecnolog\u00eda de reducci\u00f3n de engranajes que minimiza la vibraci\u00f3n y el ruido. Una tasa de error de transmisi\u00f3n muy baja hace que sea el m\u00e9todo m\u00e1s suave y m\u00e1s silencioso para la velocidad de ajuste mec\u00e1nico y par.[\/et_pb_text][\/et_pb_column][\/et_pb_row][\/et_pb_section][et_pb_section fb_built=&#8221;1&#8243; _builder_version=&#8221;4.25.0&#8243; _module_preset=&#8221;default&#8221; locked=&#8221;off&#8221; global_colors_info=&#8221;{}&#8221;][et_pb_row _builder_version=&#8221;4.25.0&#8243; _module_preset=&#8221;default&#8221; global_colors_info=&#8221;{}&#8221;][et_pb_column type=&#8221;4_4&#8243; _builder_version=&#8221;4.25.0&#8243; _module_preset=&#8221;default&#8221; global_colors_info=&#8221;{}&#8221;][et_pb_text _builder_version=&#8221;4.25.0&#8243; _module_preset=&#8221;default&#8221; global_colors_info=&#8221;{}&#8221;]<\/p>\n<h2 role=\"label\">Technical characteristics<\/h2>\n<ul>\n<li role=\"label\"><span id=\"tgtAlignment_38\" class=\"ts-alignment-element\" data-is-focusable=\"true\">Precisi\u00f3n<\/span><span>\u00a0<\/span><span id=\"tgtAlignment_39\" class=\"ts-alignment-element\" data-is-focusable=\"true\">de<\/span><span>\u00a0<\/span><span id=\"tgtAlignment_40\" class=\"ts-alignment-element\" data-is-focusable=\"true\">rotaci\u00f3n<\/span><span>\u00a0<\/span><span id=\"tgtAlignment_41\" class=\"ts-alignment-element\" data-is-focusable=\"true\">excepcional<\/span><span>\u00a0<\/span><span id=\"tgtAlignment_42\" class=\"ts-alignment-element\" data-is-focusable=\"true\">y<\/span><span>\u00a0<\/span><span id=\"tgtAlignment_43\" class=\"ts-alignment-element\" data-is-focusable=\"true\">precisi\u00f3n<\/span><span>\u00a0<\/span><span id=\"tgtAlignment_45\" class=\"ts-alignment-element\" data-is-focusable=\"true\">de<\/span><span>\u00a0<\/span><span id=\"tgtAlignment_46\" class=\"ts-alignment-element\" data-is-focusable=\"true\">&lt;<\/span><span>\u00a0<\/span><span id=\"tgtAlignment_47\" class=\"ts-alignment-element\" data-is-focusable=\"true\">5<\/span><span>\u00a0<\/span><span id=\"tgtAlignment_48\" class=\"ts-alignment-element\" data-is-focusable=\"true\">arc<\/span><span id=\"tgtAlignment_49\" class=\"ts-alignment-element\" data-is-focusable=\"true\">\/<\/span><span id=\"tgtAlignment_50\" class=\"ts-alignment-element\" data-is-focusable=\"true\">sec<\/span><\/li>\n<li role=\"label\"><span id=\"tgtAlignment_54\" class=\"ts-alignment-element\" data-is-focusable=\"true\">Sonoridad y<\/span><span>\u00a0<\/span><span id=\"tgtAlignment_55\" class=\"ts-alignment-element\" data-is-focusable=\"true\">vibraci\u00f3n<\/span>\u00a0mu bajas\u00a0<span id=\"tgtAlignment_56\" class=\"ts-alignment-element\" data-is-focusable=\"true\">para<\/span><span>\u00a0<\/span><span id=\"tgtAlignment_57\" class=\"ts-alignment-element\" data-is-focusable=\"true\">velocidades<\/span><span>\u00a0<\/span><span id=\"tgtAlignment_58\" class=\"ts-alignment-element\" data-is-focusable=\"true\">de<\/span><span>\u00a0<\/span><span id=\"tgtAlignment_59\" class=\"ts-alignment-element\" data-is-focusable=\"true\">entrada<\/span><span>\u00a0<\/span><span id=\"tgtAlignment_60\" class=\"ts-alignment-element\" data-is-focusable=\"true\">de<\/span><span>\u00a0<\/span><span id=\"tgtAlignment_61\" class=\"ts-alignment-element\" data-is-focusable=\"true\">hasta<\/span><span>\u00a0<\/span><span id=\"tgtAlignment_62\" class=\"ts-alignment-element\" data-is-focusable=\"true\">10,000<\/span><span>\u00a0<\/span><span id=\"tgtAlignment_63\" class=\"ts-alignment-element\" data-is-focusable=\"true\">RPM<\/span><\/li>\n<li role=\"label\"><span id=\"tgtAlignment_65\" class=\"ts-alignment-element\" data-is-focusable=\"true\">Indice ruido<\/span><span>\u00a0<\/span><span id=\"tgtAlignment_66\" class=\"ts-alignment-element\" data-is-focusable=\"true\">generado<\/span><span>\u00a0<\/span><span id=\"tgtAlignment_67\" class=\"ts-alignment-element\" data-is-focusable=\"true\">en<\/span><span>\u00a0<\/span><span id=\"tgtAlignment_68\" class=\"ts-alignment-element\" data-is-focusable=\"true\">la<\/span><span>\u00a0<\/span><span id=\"tgtAlignment_69\" class=\"ts-alignment-element\" data-is-focusable=\"true\">gama<\/span><span>\u00a0<\/span>de<span>\u00a0<\/span><span id=\"tgtAlignment_70\" class=\"ts-alignment-element\" data-is-focusable=\"true\">40<\/span><span>\u00a0<\/span><span id=\"tgtAlignment_71\" class=\"ts-alignment-element\" data-is-focusable=\"true\">\u2013<\/span><span>\u00a0<\/span><span id=\"tgtAlignment_72\" class=\"ts-alignment-element\" data-is-focusable=\"true\">50<\/span><span>\u00a0<\/span><span id=\"tgtAlignment_73\" class=\"ts-alignment-element\" data-is-focusable=\"true\">dB<\/span><span id=\"tgtAlignment_74\" class=\"ts-alignment-element\" data-is-focusable=\"true\">\u2013<\/span><span id=\"tgtAlignment_75\" class=\"ts-alignment-element\" data-is-focusable=\"true\">A<\/span><\/li>\n<li role=\"label\"><span id=\"tgtAlignment_76\" class=\"ts-alignment-element\" data-is-focusable=\"true\">Extremadamente<\/span><span>\u00a0<\/span><span id=\"tgtAlignment_77\" class=\"ts-alignment-element\" data-is-focusable=\"true\">compacta<\/span><span>\u00a0<\/span><span id=\"tgtAlignment_78\" class=\"ts-alignment-element\" data-is-focusable=\"true\">y<\/span><span>\u00a0<\/span><span id=\"tgtAlignment_79\" class=\"ts-alignment-element\" data-is-focusable=\"true\">alcanza<\/span><span>\u00a0<\/span><span id=\"tgtAlignment_80\" class=\"ts-alignment-element\" data-is-focusable=\"true\">una<\/span><span>\u00a0<\/span><span id=\"tgtAlignment_81\" class=\"ts-alignment-element\" data-is-focusable=\"true\">relaci\u00f3n<\/span><span>\u00a0<\/span>de<span>\u00a0<\/span><span id=\"tgtAlignment_82\" class=\"ts-alignment-element\" data-is-focusable=\"true\">reducci\u00f3n<\/span><span>\u00a0<\/span>de<span>\u00a0<\/span><span id=\"tgtAlignment_83\" class=\"ts-alignment-element\" data-is-focusable=\"true\">20:1<\/span><span>\u00a0<\/span><span id=\"tgtAlignment_84\" class=\"ts-alignment-element\" data-is-focusable=\"true\">en<\/span><span>\u00a0<\/span><span id=\"tgtAlignment_85\" class=\"ts-alignment-element\" data-is-focusable=\"true\">una<\/span><span>\u00a0<\/span><span id=\"tgtAlignment_86\" class=\"ts-alignment-element\" data-is-focusable=\"true\">sola<\/span><span>\u00a0<\/span><span id=\"tgtAlignment_87\" class=\"ts-alignment-element\" data-is-focusable=\"true\">etapa<\/span><\/li>\n<\/ul>\n<h2 role=\"label\">Applications<\/h2>\n<ul>\n<li role=\"label\"><span id=\"tgtAlignment_88\" class=\"ts-alignment-element\" data-is-focusable=\"true\">Robots<\/span><span>\u00a0<\/span>de<span>\u00a0<\/span><span id=\"tgtAlignment_89\" class=\"ts-alignment-element\" data-is-focusable=\"true\">servicio<\/span><span>\u00a0<\/span><span id=\"tgtAlignment_90\" class=\"ts-alignment-element\" data-is-focusable=\"true\">colaborativo<\/span><span>\u00a0<\/span><span id=\"tgtAlignment_91\" class=\"ts-alignment-element\" data-is-focusable=\"true\">o<\/span><span>\u00a0<\/span><span id=\"tgtAlignment_92\" class=\"ts-alignment-element\" data-is-focusable=\"true\">m\u00f3vil<\/span><\/li>\n<li role=\"label\"><span id=\"tgtAlignment_93\" class=\"ts-alignment-element\" data-is-focusable=\"true\">Im\u00e1genes<\/span><span>\u00a0<\/span>de<span>\u00a0<\/span><span id=\"tgtAlignment_94\" class=\"ts-alignment-element\" data-is-focusable=\"true\">alta<\/span><span>\u00a0<\/span><span id=\"tgtAlignment_95\" class=\"ts-alignment-element\" data-is-focusable=\"true\">calidad<\/span><\/li>\n<li role=\"label\"><span id=\"tgtAlignment_97\" class=\"ts-alignment-element\" data-is-focusable=\"true\">Impresi\u00f3n<\/span><span>\u00a0<\/span><span id=\"tgtAlignment_98\" class=\"ts-alignment-element\" data-is-focusable=\"true\">de<\/span><span>\u00a0<\/span><span id=\"tgtAlignment_99\" class=\"ts-alignment-element\" data-is-focusable=\"true\">alta<\/span><span>\u00a0<\/span><span id=\"tgtAlignment_100\" class=\"ts-alignment-element\" data-is-focusable=\"true\">velocidad<\/span><\/li>\n<li role=\"label\"><span id=\"tgtAlignment_101\" class=\"ts-alignment-element\" data-is-focusable=\"true\">Impresi\u00f3n<\/span><span>\u00a0<\/span><span id=\"tgtAlignment_102\" class=\"ts-alignment-element\" data-is-focusable=\"true\">3D<\/span><\/li>\n<li role=\"label\"><span id=\"tgtAlignment_104\" class=\"ts-alignment-element\" data-is-focusable=\"true\">Medici\u00f3n<\/span><span>\u00a0<\/span>de<span>\u00a0<\/span><span id=\"tgtAlignment_105\" class=\"ts-alignment-element\" data-is-focusable=\"true\">precisi\u00f3n<\/span><\/li>\n<li role=\"label\"><span id=\"tgtAlignment_106\" class=\"ts-alignment-element\" data-is-focusable=\"true\">Equipo<\/span><span>\u00a0<\/span><span id=\"tgtAlignment_107\" class=\"ts-alignment-element\" data-is-focusable=\"true\">m\u00e9dico<\/span><span>\u00a0<\/span><span id=\"tgtAlignment_108\" class=\"ts-alignment-element\" data-is-focusable=\"true\">o<\/span><span>\u00a0<\/span><span id=\"tgtAlignment_109\" class=\"ts-alignment-element\" data-is-focusable=\"true\">asistencia<\/span><span>\u00a0<\/span><span id=\"tgtAlignment_110\" class=\"ts-alignment-element\" data-is-focusable=\"true\">de<\/span><span>\u00a0<\/span><span id=\"tgtAlignment_111\" class=\"ts-alignment-element\" data-is-focusable=\"true\">movilidad<\/span><\/li>\n<\/ul>\n<p>[\/et_pb_text][\/et_pb_column][\/et_pb_row][\/et_pb_section]<\/p>\n","protected":false},"excerpt":{"rendered":"<p><div class=\"et_pb_module lwp_divi_breadcrumbs lwp_divi_breadcrumbs_0\">\n\t\t\t\t\n\t\t\t\t\n\t\t\t\t\n\t\t\t\t\n\t\t\t\t\n\t\t\t\t\n\t\t\t\t<div class=\"et_pb_module_inner\">\n\t\t\t\t\t<div class=\"lwp-breadcrumbs\"> <span class=\"before\"><\/span> <span vocab=\"https:\/\/schema.org\/\" typeof=\"BreadcrumbList\"><span property=\"itemListElement\" typeof=\"ListItem\"><a property=\"item\" typeof=\"WebPage\" href=\"https:\/\/web.dinamica.net\/en\/\" class=\"home\"><span property=\"name\">Home<\/span><\/a><meta property=\"position\" content=\"1\"><\/span> <span class=\"separator et-pb-icon\">&#x39;<\/span> <\/span><\/div>\n\t\t\t\t<\/div>\n\t\t\t<\/div>DownloadsDescription: La tracci\u00f3n es una tecnolog\u00eda de reducci\u00f3n de engranajes que minimiza la vibraci\u00f3n y el ruido. Una tasa de error de transmisi\u00f3n muy baja hace que sea el m\u00e9todo m\u00e1s suave y m\u00e1s silencioso para la velocidad de ajuste mec\u00e1nico y par.Technical characteristics Precisi\u00f3n\u00a0de\u00a0rotaci\u00f3n\u00a0excepcional\u00a0y\u00a0precisi\u00f3n\u00a0de\u00a0&lt;\u00a05\u00a0arc\/sec Sonoridad y\u00a0vibraci\u00f3n\u00a0mu bajas\u00a0para\u00a0velocidades\u00a0de\u00a0entrada\u00a0de\u00a0hasta\u00a010,000\u00a0RPM Indice ruido\u00a0generado\u00a0en\u00a0la\u00a0gama\u00a0de\u00a040\u00a0\u2013\u00a050\u00a0dB\u2013A [&hellip;]<\/p>\n","protected":false},"author":10,"featured_media":0,"parent":28267,"menu_order":0,"comment_status":"closed","ping_status":"closed","template":"","meta":{"_acf_changed":false,"_et_pb_use_builder":"on","_et_pb_old_content":"","_et_gb_content_width":"","inline_featured_image":false,"footnotes":""},"tags":[],"class_list":["post-34069","page","type-page","status-publish","hentry"],"acf":[],"yoast_head":"<!-- This site is optimized with the Yoast SEO plugin v24.4 - https:\/\/yoast.com\/wordpress\/plugins\/seo\/ -->\n<title>Traction drive | Din\u00e1mica<\/title>\n<meta name=\"robots\" content=\"noindex, follow, max-snippet:-1, max-image-preview:large, max-video-preview:-1\" \/>\n<meta property=\"og:locale\" content=\"en_US\" \/>\n<meta property=\"og:type\" content=\"article\" \/>\n<meta property=\"og:title\" content=\"Traction drive | Din\u00e1mica\" \/>\n<meta property=\"og:description\" content=\"DownloadsDescription: La tracci\u00f3n es una tecnolog\u00eda de reducci\u00f3n de engranajes que minimiza la vibraci\u00f3n y el ruido. Una tasa de error de transmisi\u00f3n muy baja hace que sea el m\u00e9todo m\u00e1s suave y m\u00e1s silencioso para la velocidad de ajuste mec\u00e1nico y par.Technical characteristics Precisi\u00f3n\u00a0de\u00a0rotaci\u00f3n\u00a0excepcional\u00a0y\u00a0precisi\u00f3n\u00a0de\u00a0&lt;\u00a05\u00a0arc\/sec Sonoridad y\u00a0vibraci\u00f3n\u00a0mu bajas\u00a0para\u00a0velocidades\u00a0de\u00a0entrada\u00a0de\u00a0hasta\u00a010,000\u00a0RPM Indice ruido\u00a0generado\u00a0en\u00a0la\u00a0gama\u00a0de\u00a040\u00a0\u2013\u00a050\u00a0dB\u2013A [&hellip;]\" \/>\n<meta property=\"og:url\" content=\"https:\/\/web.dinamica.net\/en\/products\/planetary-nidec-shimpo-gearbox\/traction-drive\/\" \/>\n<meta property=\"og:site_name\" content=\"Din\u00e1mica\" \/>\n<meta property=\"article:modified_time\" content=\"2025-04-22T10:45:46+00:00\" \/>\n<meta name=\"twitter:card\" content=\"summary_large_image\" \/>\n<meta name=\"twitter:label1\" content=\"Est. reading time\" \/>\n\t<meta name=\"twitter:data1\" content=\"4 minutes\" \/>\n<script type=\"application\/ld+json\" class=\"yoast-schema-graph\">{\"@context\":\"https:\/\/schema.org\",\"@graph\":[{\"@type\":\"WebPage\",\"@id\":\"https:\/\/web.dinamica.net\/en\/products\/planetary-nidec-shimpo-gearbox\/traction-drive\/\",\"url\":\"https:\/\/web.dinamica.net\/en\/products\/planetary-nidec-shimpo-gearbox\/traction-drive\/\",\"name\":\"Traction drive | Din\u00e1mica\",\"isPartOf\":{\"@id\":\"https:\/\/web.dinamica.net\/#website\"},\"datePublished\":\"2024-06-06T07:32:56+00:00\",\"dateModified\":\"2025-04-22T10:45:46+00:00\",\"breadcrumb\":{\"@id\":\"https:\/\/web.dinamica.net\/en\/products\/planetary-nidec-shimpo-gearbox\/traction-drive\/#breadcrumb\"},\"inLanguage\":\"en-US\",\"potentialAction\":[{\"@type\":\"ReadAction\",\"target\":[\"https:\/\/web.dinamica.net\/en\/products\/planetary-nidec-shimpo-gearbox\/traction-drive\/\"]}]},{\"@type\":\"BreadcrumbList\",\"@id\":\"https:\/\/web.dinamica.net\/en\/products\/planetary-nidec-shimpo-gearbox\/traction-drive\/#breadcrumb\",\"itemListElement\":[{\"@type\":\"ListItem\",\"position\":1,\"name\":\"Home\",\"item\":\"https:\/\/web.dinamica.net\/en\/\"},{\"@type\":\"ListItem\",\"position\":2,\"name\":\"Products\",\"item\":\"https:\/\/web.dinamica.net\/en\/products\/\"},{\"@type\":\"ListItem\",\"position\":3,\"name\":\"Planetary Nidec-Shimpo Gearbox\",\"item\":\"https:\/\/web.dinamica.net\/en\/products\/planetary-nidec-shimpo-gearbox\/\"},{\"@type\":\"ListItem\",\"position\":4,\"name\":\"Traction drive\"}]},{\"@type\":\"WebSite\",\"@id\":\"https:\/\/web.dinamica.net\/#website\",\"url\":\"https:\/\/web.dinamica.net\/\",\"name\":\"Din\u00e1mica\",\"description\":\"Componentes. Soluciones. Transmision de potencia. Movimiento lineal.\",\"publisher\":{\"@id\":\"https:\/\/web.dinamica.net\/#organization\"},\"potentialAction\":[{\"@type\":\"SearchAction\",\"target\":{\"@type\":\"EntryPoint\",\"urlTemplate\":\"https:\/\/web.dinamica.net\/?s={search_term_string}\"},\"query-input\":{\"@type\":\"PropertyValueSpecification\",\"valueRequired\":true,\"valueName\":\"search_term_string\"}}],\"inLanguage\":\"en-US\"},{\"@type\":\"Organization\",\"@id\":\"https:\/\/web.dinamica.net\/#organization\",\"name\":\"Dinamica Drive Solutions,S.A.\",\"url\":\"https:\/\/web.dinamica.net\/\",\"logo\":{\"@type\":\"ImageObject\",\"inLanguage\":\"en-US\",\"@id\":\"https:\/\/web.dinamica.net\/#\/schema\/logo\/image\/\",\"url\":\"https:\/\/dinamica.net\/wp-content\/uploads\/logo-lletres-negres-800.jpg\",\"contentUrl\":\"https:\/\/dinamica.net\/wp-content\/uploads\/logo-lletres-negres-800.jpg\",\"width\":600,\"height\":151,\"caption\":\"Dinamica Drive Solutions,S.A.\"},\"image\":{\"@id\":\"https:\/\/web.dinamica.net\/#\/schema\/logo\/image\/\"},\"sameAs\":[\"https:\/\/www.linkedin.com\/company\/dinamica-ds\"]}]}<\/script>\n<!-- \/ Yoast SEO plugin. -->","yoast_head_json":{"title":"Traction drive | Din\u00e1mica","robots":{"index":"noindex","follow":"follow","max-snippet":"max-snippet:-1","max-image-preview":"max-image-preview:large","max-video-preview":"max-video-preview:-1"},"og_locale":"en_US","og_type":"article","og_title":"Traction drive | Din\u00e1mica","og_description":"DownloadsDescription: La tracci\u00f3n es una tecnolog\u00eda de reducci\u00f3n de engranajes que minimiza la vibraci\u00f3n y el ruido. Una tasa de error de transmisi\u00f3n muy baja hace que sea el m\u00e9todo m\u00e1s suave y m\u00e1s silencioso para la velocidad de ajuste mec\u00e1nico y par.Technical characteristics Precisi\u00f3n\u00a0de\u00a0rotaci\u00f3n\u00a0excepcional\u00a0y\u00a0precisi\u00f3n\u00a0de\u00a0&lt;\u00a05\u00a0arc\/sec Sonoridad y\u00a0vibraci\u00f3n\u00a0mu bajas\u00a0para\u00a0velocidades\u00a0de\u00a0entrada\u00a0de\u00a0hasta\u00a010,000\u00a0RPM Indice ruido\u00a0generado\u00a0en\u00a0la\u00a0gama\u00a0de\u00a040\u00a0\u2013\u00a050\u00a0dB\u2013A [&hellip;]","og_url":"https:\/\/web.dinamica.net\/en\/products\/planetary-nidec-shimpo-gearbox\/traction-drive\/","og_site_name":"Din\u00e1mica","article_modified_time":"2025-04-22T10:45:46+00:00","twitter_card":"summary_large_image","twitter_misc":{"Est. reading time":"4 minutes"},"schema":{"@context":"https:\/\/schema.org","@graph":[{"@type":"WebPage","@id":"https:\/\/web.dinamica.net\/en\/products\/planetary-nidec-shimpo-gearbox\/traction-drive\/","url":"https:\/\/web.dinamica.net\/en\/products\/planetary-nidec-shimpo-gearbox\/traction-drive\/","name":"Traction drive | Din\u00e1mica","isPartOf":{"@id":"https:\/\/web.dinamica.net\/#website"},"datePublished":"2024-06-06T07:32:56+00:00","dateModified":"2025-04-22T10:45:46+00:00","breadcrumb":{"@id":"https:\/\/web.dinamica.net\/en\/products\/planetary-nidec-shimpo-gearbox\/traction-drive\/#breadcrumb"},"inLanguage":"en-US","potentialAction":[{"@type":"ReadAction","target":["https:\/\/web.dinamica.net\/en\/products\/planetary-nidec-shimpo-gearbox\/traction-drive\/"]}]},{"@type":"BreadcrumbList","@id":"https:\/\/web.dinamica.net\/en\/products\/planetary-nidec-shimpo-gearbox\/traction-drive\/#breadcrumb","itemListElement":[{"@type":"ListItem","position":1,"name":"Home","item":"https:\/\/web.dinamica.net\/en\/"},{"@type":"ListItem","position":2,"name":"Products","item":"https:\/\/web.dinamica.net\/en\/products\/"},{"@type":"ListItem","position":3,"name":"Planetary Nidec-Shimpo Gearbox","item":"https:\/\/web.dinamica.net\/en\/products\/planetary-nidec-shimpo-gearbox\/"},{"@type":"ListItem","position":4,"name":"Traction drive"}]},{"@type":"WebSite","@id":"https:\/\/web.dinamica.net\/#website","url":"https:\/\/web.dinamica.net\/","name":"Din\u00e1mica","description":"Componentes. Soluciones. Transmision de potencia. Movimiento lineal.","publisher":{"@id":"https:\/\/web.dinamica.net\/#organization"},"potentialAction":[{"@type":"SearchAction","target":{"@type":"EntryPoint","urlTemplate":"https:\/\/web.dinamica.net\/?s={search_term_string}"},"query-input":{"@type":"PropertyValueSpecification","valueRequired":true,"valueName":"search_term_string"}}],"inLanguage":"en-US"},{"@type":"Organization","@id":"https:\/\/web.dinamica.net\/#organization","name":"Dinamica Drive Solutions,S.A.","url":"https:\/\/web.dinamica.net\/","logo":{"@type":"ImageObject","inLanguage":"en-US","@id":"https:\/\/web.dinamica.net\/#\/schema\/logo\/image\/","url":"https:\/\/dinamica.net\/wp-content\/uploads\/logo-lletres-negres-800.jpg","contentUrl":"https:\/\/dinamica.net\/wp-content\/uploads\/logo-lletres-negres-800.jpg","width":600,"height":151,"caption":"Dinamica Drive Solutions,S.A."},"image":{"@id":"https:\/\/web.dinamica.net\/#\/schema\/logo\/image\/"},"sameAs":["https:\/\/www.linkedin.com\/company\/dinamica-ds"]}]}},"_links":{"self":[{"href":"https:\/\/web.dinamica.net\/en\/wp-json\/wp\/v2\/pages\/34069","targetHints":{"allow":["GET"]}}],"collection":[{"href":"https:\/\/web.dinamica.net\/en\/wp-json\/wp\/v2\/pages"}],"about":[{"href":"https:\/\/web.dinamica.net\/en\/wp-json\/wp\/v2\/types\/page"}],"author":[{"embeddable":true,"href":"https:\/\/web.dinamica.net\/en\/wp-json\/wp\/v2\/users\/10"}],"replies":[{"embeddable":true,"href":"https:\/\/web.dinamica.net\/en\/wp-json\/wp\/v2\/comments?post=34069"}],"version-history":[{"count":18,"href":"https:\/\/web.dinamica.net\/en\/wp-json\/wp\/v2\/pages\/34069\/revisions"}],"predecessor-version":[{"id":38768,"href":"https:\/\/web.dinamica.net\/en\/wp-json\/wp\/v2\/pages\/34069\/revisions\/38768"}],"up":[{"embeddable":true,"href":"https:\/\/web.dinamica.net\/en\/wp-json\/wp\/v2\/pages\/28267"}],"wp:attachment":[{"href":"https:\/\/web.dinamica.net\/en\/wp-json\/wp\/v2\/media?parent=34069"}],"wp:term":[{"taxonomy":"post_tag","embeddable":true,"href":"https:\/\/web.dinamica.net\/en\/wp-json\/wp\/v2\/tags?post=34069"}],"curies":[{"name":"wp","href":"https:\/\/api.w.org\/{rel}","templated":true}]}}