{"id":33688,"date":"2021-08-06T13:05:54","date_gmt":"2021-08-06T11:05:54","guid":{"rendered":"https:\/\/dinamica.net\/products\/correas-y-poleas-poly-v\/"},"modified":"2025-02-11T12:40:40","modified_gmt":"2025-02-11T11:40:40","slug":"correas-y-poleas-poly-v","status":"publish","type":"page","link":"https:\/\/web.dinamica.net\/en\/products\/correas-y-poleas-poly-v\/","title":{"rendered":"Poly-V Pulleys and Belts"},"content":{"rendered":"<p>[et_pb_section][et_pb_row][et_pb_column type=&#8221;4_4&#8243;][et_pb_text]<\/p>\n<h4>Downloads<\/h4>\n<ul>\n<li><a href=\"\/wp-content\/uploads\/_documents\/Cinghie-Poly-V.pdf\" target=\"_blank\" rel=\"noopener noreferrer\">Correas Poly-V <\/a>\u00a0(7Mb)<\/li>\n<li><a href=\"\/wp-content\/uploads\/_documents\/en\/Poly-V-Pulleys.pdf\" target=\"_blank\" rel=\"noopener noreferrer\">Poleas Poly-V <\/a>\u00a0(0,8Mb)<\/li>\n<\/ul>\n<h4>Otros links<\/h4>\n<ul>\n<li><a href=\"http:\/\/apps.sitspa.it\/SitDrive\/en-US\/loginen.html\" target=\"_blank\" rel=\"noopener noreferrer\">SITDrive \u2013 calculation<\/a><\/li>\n<li><a href=\"https:\/\/www.traceparts.com\/els\/sit\/es\/search\/sit-pulleys-timing-pulleys-falcon-gtr-high-performance-timing-pulleys?CatalogPath=SIT%3ASIT.1.1.2\">SIT CAD Drawings<\/a><\/li>\n<li><a href=\"https:\/\/dinamica.net\/productos\/regulacion-de-accionamiento\/\" target=\"_blank\" rel=\"noopener noreferrer\">Accesorios<\/a><\/li>\n<\/ul>\n<p>Las correas <strong>Poly-V<\/strong> presentan dientes longitudinales de secci\u00f3n trapezoidal. Gracias a su reducido espesor, estas correas son muy flexibles y pueden trabajar con di\u00e1metros muy peque\u00f1os de poleas. Las correas <strong>Poly-V<\/strong> pueden alcanzar una mayor velocidad perif\u00e9rica que las Correas Trapezoidales.<\/p>\n<h2>Caracter\u00edsticas<\/h2>\n<ul>\n<li>Perfiles estandar: H \u2013 J \u2013 K \u2013 L \u2013 M<\/li>\n<li>Conducci\u00f3n Est\u00e1tica (ISO 1813)<\/li>\n<li>Temperatura: -20\/+80 \u00b0C<\/li>\n<li>Cable tensionador: Polyester<\/li>\n<li>Composici\u00f3nd: Chloropreno<\/li>\n<li>Para aplicaci\u00f3nes pesadas, disponible con cables de Aramida<\/li>\n<\/ul>\n<h3>Ventajas<\/h3>\n<ul>\n<li>Dimensiones compactas<\/li>\n<li>Alta Flexibilidad<\/li>\n<li>Alta velocidad perif\u00e9rica<\/li>\n<li>Alta eficiencia<\/li>\n<li>Bajo nivel de ruido<\/li>\n<li>Posibilidad de usar poleas planas, reduciendo el coste del sistema<\/li>\n<li>Alto ciclo de vida<\/li>\n<\/ul>\n<p><strong><em>Las Poleas Poly-V SIT <\/em><\/strong><em>para montar bujes de sujecci\u00f3n est\u00e1n dise\u00f1adas y fabricadas con extrema precision para asegurar una \u00f3ptima vida \u00fatil y un m\u00e1ximo rendimiento del sistema de transmisi\u00f3n. Las <strong>Poleas Poly-V SIT<\/strong> est\u00e1n fabricadas seg\u00fan ISO 1940.<\/em><\/p>\n<h2>Correa El\u00e1stica Poly-V<\/h2>\n<p>Gracias a su cable el\u00e1stico de poliamida, la correa mantiene la tensi\u00f3n durante toda la vida \u00fatil del sistema. Estas correas el\u00e1sticas son totalmente compactables con todas las poleas Poly-V.<br \/>\nCaracter\u00edsticas de la correa<\/p>\n<p>Perfiles est\u00e1ndar: H-J-K-L<br \/>\nConductividad est\u00e1tica (ISO 1813)<br \/>\nTemperatura:-40\/+ 80 \u00b0 c<br \/>\nMiembro de tracci\u00f3n: poliamida<br \/>\nCompuesto del cuerpo: cloropreno<\/p>\n<h2>Caracter\u00edsticas de la correa<\/h2>\n<p>-Perfiles est\u00e1ndar: H-J-K-L-M<br \/>\n-Conductividad est\u00e1tica (ISO 1813)<br \/>\n-Temperatura:-20\/+ 80 \u00b0 c<br \/>\n-Miembro de tracci\u00f3n: poli\u00e9ster<br \/>\n-Compuesto del cuerpo: cloropreno<\/p>\n<p>Correas disponibles con los miembros de tracci\u00f3n de Aramid para aplicaciones pesadas <a href=\"\/wp-content\/uploads\/_documents\/en\/Poly-V-Conveyxonic-Belts.pdf\" target=\"_blank\" rel=\"noopener noreferrer\">Cinghie Poly-V Conveyxonic<\/a> (0,07Mb)Poly-V CONVEYXONIC \u00aees una correa el\u00e1stica que se puede instalar en una distancia entre centros fija dise\u00f1ada especialmente para aciionamientos de transportadores de rodillos. Gracias a su eficiencia del 97% y sin necesidad de lubricaci\u00f3n, estas correas son una alternativa v\u00e1lida y m\u00e1s econ\u00f3mica a las cadenas. Con este tipo de correa es posible accionar hasta un m\u00e1ximo de 50 rodillos con un motor. Dependiendo del perfil (J, K) pueden manejar cargas desde 300Kg hasta 2 toneladas. Estas correas el\u00e1sticas son totalmente compatibles con todas las poleas POLY-V.<\/p>\n<p><strong>Caracter\u00edsticas de la correa<\/strong><\/p>\n<p>Perfiles est\u00e1ndar disponibles: J-K<br \/>\nConductividad est\u00e1tica (ISO 1813)<br \/>\nTemperatura:-20\/+ 80 \u00b0 c<br \/>\nMiembro de tracci\u00f3n: Poliamida PA 4,6 (patente de Hutchinson\u00ae)<br \/>\nCompuestodel cuerpo : cloropreno[\/et_pb_text][\/et_pb_column][\/et_pb_row][\/et_pb_section]<\/p>\n","protected":false},"excerpt":{"rendered":"<p><div class=\"et_pb_section et_pb_section_0 et_section_regular\" >\n\t\t\t\t\n\t\t\t\t\n\t\t\t\t\n\t\t\t\t\n\t\t\t\t\n\t\t\t\t\n\t\t\t\t\n\t\t\t\t\n\t\t\t\t\n\t\t\t<\/div><div class=\"et_pb_row et_pb_row_0 et_pb_row_empty\">\n\t\t\t\t\n\t\t\t\t\n\t\t\t\t\n\t\t\t\t\n\t\t\t\t\n\t\t\t<\/div><div class=\"et_pb_module et_pb_text et_pb_text_0  et_pb_text_align_left et_pb_bg_layout_light\">\n\t\t\t\t\n\t\t\t\t\n\t\t\t\t\n\t\t\t\t\n\t\t\t\t\n\t\t\t<\/div>Downloads Correas Poly-V \u00a0(7Mb) Poleas Poly-V \u00a0(0,8Mb) Otros links SITDrive \u2013 calculation SIT CAD Drawings Accesorios Las correas Poly-V presentan dientes longitudinales de secci\u00f3n trapezoidal. Gracias a su reducido espesor, estas correas son muy flexibles y pueden trabajar con di\u00e1metros muy peque\u00f1os de poleas. Las correas Poly-V pueden alcanzar una mayor velocidad perif\u00e9rica que las [&hellip;]<\/p>\n","protected":false},"author":6,"featured_media":0,"parent":32740,"menu_order":300,"comment_status":"closed","ping_status":"closed","template":"","meta":{"_acf_changed":false,"_et_pb_use_builder":"on","_et_pb_old_content":"","_et_gb_content_width":"","inline_featured_image":false,"footnotes":""},"tags":[93],"class_list":["post-33688","page","type-page","status-publish","hentry","tag-dos-en"],"acf":[],"yoast_head":"<!-- This site is optimized with the Yoast SEO plugin v24.4 - https:\/\/yoast.com\/wordpress\/plugins\/seo\/ -->\n<title>Correas y Poleas Poly-V - Dinamica.net<\/title>\n<meta name=\"description\" content=\"Especialistas en poleas y correas Poly v con Dinamica. Te asesoramos en correas poly v. Revisa nuestro cat\u00e1logo. Cont\u00e1ctanos.\" \/>\n<meta name=\"robots\" content=\"noindex, follow, max-snippet:-1, max-image-preview:large, max-video-preview:-1\" \/>\n<meta property=\"og:locale\" content=\"en_US\" \/>\n<meta property=\"og:type\" content=\"article\" \/>\n<meta property=\"og:title\" content=\"Correas y Poleas Poly-V - Dinamica.net\" \/>\n<meta property=\"og:description\" content=\"Especialistas en poleas y correas Poly v con Dinamica. Te asesoramos en correas poly v. Revisa nuestro cat\u00e1logo. Cont\u00e1ctanos.\" \/>\n<meta property=\"og:url\" content=\"https:\/\/web.dinamica.net\/en\/products\/correas-y-poleas-poly-v\/\" \/>\n<meta property=\"og:site_name\" content=\"Din\u00e1mica\" \/>\n<meta property=\"article:modified_time\" content=\"2025-02-11T11:40:40+00:00\" \/>\n<meta name=\"twitter:card\" content=\"summary_large_image\" \/>\n<meta name=\"twitter:label1\" content=\"Est. reading time\" \/>\n\t<meta name=\"twitter:data1\" content=\"2 minutes\" \/>\n<script type=\"application\/ld+json\" class=\"yoast-schema-graph\">{\"@context\":\"https:\/\/schema.org\",\"@graph\":[{\"@type\":\"WebPage\",\"@id\":\"https:\/\/web.dinamica.net\/en\/products\/correas-y-poleas-poly-v\/\",\"url\":\"https:\/\/web.dinamica.net\/en\/products\/correas-y-poleas-poly-v\/\",\"name\":\"Correas y Poleas Poly-V - Dinamica.net\",\"isPartOf\":{\"@id\":\"https:\/\/web.dinamica.net\/#website\"},\"datePublished\":\"2021-08-06T11:05:54+00:00\",\"dateModified\":\"2025-02-11T11:40:40+00:00\",\"description\":\"Especialistas en poleas y correas Poly v con Dinamica. Te asesoramos en correas poly v. Revisa nuestro cat\u00e1logo. Cont\u00e1ctanos.\",\"breadcrumb\":{\"@id\":\"https:\/\/web.dinamica.net\/en\/products\/correas-y-poleas-poly-v\/#breadcrumb\"},\"inLanguage\":\"en-US\",\"potentialAction\":[{\"@type\":\"ReadAction\",\"target\":[\"https:\/\/web.dinamica.net\/en\/products\/correas-y-poleas-poly-v\/\"]}]},{\"@type\":\"BreadcrumbList\",\"@id\":\"https:\/\/web.dinamica.net\/en\/products\/correas-y-poleas-poly-v\/#breadcrumb\",\"itemListElement\":[{\"@type\":\"ListItem\",\"position\":1,\"name\":\"Home\",\"item\":\"https:\/\/web.dinamica.net\/en\/\"},{\"@type\":\"ListItem\",\"position\":2,\"name\":\"Products\",\"item\":\"https:\/\/web.dinamica.net\/en\/products\/\"},{\"@type\":\"ListItem\",\"position\":3,\"name\":\"Poly-V Pulleys and Belts\"}]},{\"@type\":\"WebSite\",\"@id\":\"https:\/\/web.dinamica.net\/#website\",\"url\":\"https:\/\/web.dinamica.net\/\",\"name\":\"Din\u00e1mica\",\"description\":\"Componentes. Soluciones. Transmision de potencia. Movimiento lineal.\",\"publisher\":{\"@id\":\"https:\/\/web.dinamica.net\/#organization\"},\"potentialAction\":[{\"@type\":\"SearchAction\",\"target\":{\"@type\":\"EntryPoint\",\"urlTemplate\":\"https:\/\/web.dinamica.net\/?s={search_term_string}\"},\"query-input\":{\"@type\":\"PropertyValueSpecification\",\"valueRequired\":true,\"valueName\":\"search_term_string\"}}],\"inLanguage\":\"en-US\"},{\"@type\":\"Organization\",\"@id\":\"https:\/\/web.dinamica.net\/#organization\",\"name\":\"Dinamica Drive Solutions,S.A.\",\"url\":\"https:\/\/web.dinamica.net\/\",\"logo\":{\"@type\":\"ImageObject\",\"inLanguage\":\"en-US\",\"@id\":\"https:\/\/web.dinamica.net\/#\/schema\/logo\/image\/\",\"url\":\"https:\/\/dinamica.net\/wp-content\/uploads\/logo-lletres-negres-800.jpg\",\"contentUrl\":\"https:\/\/dinamica.net\/wp-content\/uploads\/logo-lletres-negres-800.jpg\",\"width\":600,\"height\":151,\"caption\":\"Dinamica Drive Solutions,S.A.\"},\"image\":{\"@id\":\"https:\/\/web.dinamica.net\/#\/schema\/logo\/image\/\"},\"sameAs\":[\"https:\/\/www.linkedin.com\/company\/dinamica-ds\"]}]}<\/script>\n<!-- \/ Yoast SEO plugin. -->","yoast_head_json":{"title":"Correas y Poleas Poly-V - Dinamica.net","description":"Especialistas en poleas y correas Poly v con Dinamica. Te asesoramos en correas poly v. Revisa nuestro cat\u00e1logo. Cont\u00e1ctanos.","robots":{"index":"noindex","follow":"follow","max-snippet":"max-snippet:-1","max-image-preview":"max-image-preview:large","max-video-preview":"max-video-preview:-1"},"og_locale":"en_US","og_type":"article","og_title":"Correas y Poleas Poly-V - Dinamica.net","og_description":"Especialistas en poleas y correas Poly v con Dinamica. Te asesoramos en correas poly v. Revisa nuestro cat\u00e1logo. Cont\u00e1ctanos.","og_url":"https:\/\/web.dinamica.net\/en\/products\/correas-y-poleas-poly-v\/","og_site_name":"Din\u00e1mica","article_modified_time":"2025-02-11T11:40:40+00:00","twitter_card":"summary_large_image","twitter_misc":{"Est. reading time":"2 minutes"},"schema":{"@context":"https:\/\/schema.org","@graph":[{"@type":"WebPage","@id":"https:\/\/web.dinamica.net\/en\/products\/correas-y-poleas-poly-v\/","url":"https:\/\/web.dinamica.net\/en\/products\/correas-y-poleas-poly-v\/","name":"Correas y Poleas Poly-V - Dinamica.net","isPartOf":{"@id":"https:\/\/web.dinamica.net\/#website"},"datePublished":"2021-08-06T11:05:54+00:00","dateModified":"2025-02-11T11:40:40+00:00","description":"Especialistas en poleas y correas Poly v con Dinamica. Te asesoramos en correas poly v. Revisa nuestro cat\u00e1logo. Cont\u00e1ctanos.","breadcrumb":{"@id":"https:\/\/web.dinamica.net\/en\/products\/correas-y-poleas-poly-v\/#breadcrumb"},"inLanguage":"en-US","potentialAction":[{"@type":"ReadAction","target":["https:\/\/web.dinamica.net\/en\/products\/correas-y-poleas-poly-v\/"]}]},{"@type":"BreadcrumbList","@id":"https:\/\/web.dinamica.net\/en\/products\/correas-y-poleas-poly-v\/#breadcrumb","itemListElement":[{"@type":"ListItem","position":1,"name":"Home","item":"https:\/\/web.dinamica.net\/en\/"},{"@type":"ListItem","position":2,"name":"Products","item":"https:\/\/web.dinamica.net\/en\/products\/"},{"@type":"ListItem","position":3,"name":"Poly-V Pulleys and Belts"}]},{"@type":"WebSite","@id":"https:\/\/web.dinamica.net\/#website","url":"https:\/\/web.dinamica.net\/","name":"Din\u00e1mica","description":"Componentes. Soluciones. Transmision de potencia. Movimiento lineal.","publisher":{"@id":"https:\/\/web.dinamica.net\/#organization"},"potentialAction":[{"@type":"SearchAction","target":{"@type":"EntryPoint","urlTemplate":"https:\/\/web.dinamica.net\/?s={search_term_string}"},"query-input":{"@type":"PropertyValueSpecification","valueRequired":true,"valueName":"search_term_string"}}],"inLanguage":"en-US"},{"@type":"Organization","@id":"https:\/\/web.dinamica.net\/#organization","name":"Dinamica Drive Solutions,S.A.","url":"https:\/\/web.dinamica.net\/","logo":{"@type":"ImageObject","inLanguage":"en-US","@id":"https:\/\/web.dinamica.net\/#\/schema\/logo\/image\/","url":"https:\/\/dinamica.net\/wp-content\/uploads\/logo-lletres-negres-800.jpg","contentUrl":"https:\/\/dinamica.net\/wp-content\/uploads\/logo-lletres-negres-800.jpg","width":600,"height":151,"caption":"Dinamica Drive Solutions,S.A."},"image":{"@id":"https:\/\/web.dinamica.net\/#\/schema\/logo\/image\/"},"sameAs":["https:\/\/www.linkedin.com\/company\/dinamica-ds"]}]}},"_links":{"self":[{"href":"https:\/\/web.dinamica.net\/en\/wp-json\/wp\/v2\/pages\/33688","targetHints":{"allow":["GET"]}}],"collection":[{"href":"https:\/\/web.dinamica.net\/en\/wp-json\/wp\/v2\/pages"}],"about":[{"href":"https:\/\/web.dinamica.net\/en\/wp-json\/wp\/v2\/types\/page"}],"author":[{"embeddable":true,"href":"https:\/\/web.dinamica.net\/en\/wp-json\/wp\/v2\/users\/6"}],"replies":[{"embeddable":true,"href":"https:\/\/web.dinamica.net\/en\/wp-json\/wp\/v2\/comments?post=33688"}],"version-history":[{"count":5,"href":"https:\/\/web.dinamica.net\/en\/wp-json\/wp\/v2\/pages\/33688\/revisions"}],"predecessor-version":[{"id":38452,"href":"https:\/\/web.dinamica.net\/en\/wp-json\/wp\/v2\/pages\/33688\/revisions\/38452"}],"up":[{"embeddable":true,"href":"https:\/\/web.dinamica.net\/en\/wp-json\/wp\/v2\/pages\/32740"}],"wp:attachment":[{"href":"https:\/\/web.dinamica.net\/en\/wp-json\/wp\/v2\/media?parent=33688"}],"wp:term":[{"taxonomy":"post_tag","embeddable":true,"href":"https:\/\/web.dinamica.net\/en\/wp-json\/wp\/v2\/tags?post=33688"}],"curies":[{"name":"wp","href":"https:\/\/api.w.org\/{rel}","templated":true}]}}