{"id":33662,"date":"2021-08-16T12:14:58","date_gmt":"2021-08-16T10:14:58","guid":{"rendered":"https:\/\/dinamica.net\/products\/correas-trapezoidales\/correas-y-poleas-clasicas-en-v-sit-torque-flex\/"},"modified":"2024-06-27T08:53:43","modified_gmt":"2024-06-27T06:53:43","slug":"correas-y-poleas-clasicas-en-v-sit-torque-flex","status":"publish","type":"page","link":"https:\/\/web.dinamica.net\/en\/products\/v-belt-drives\/correas-y-poleas-clasicas-en-v-sit-torque-flex\/","title":{"rendered":"SIT TORQUE FLEX\u00ae\u00a0Classical V-Belts and V-Pulleys"},"content":{"rendered":"<h4>Downloads<\/h4>\n<ul>\n<li><a href=\"\/wp-content\/uploads\/_documents\/en\/Classical-Sit-Torque-Flex-V-Belts.pdf\" target=\"_blank\" rel=\"noopener noreferrer\">Correas y Poleas Troqueladas Cl\u00e1sicas<\/a> (0,2Mb)<\/li>\n<li><a href=\"\/wp-content\/uploads\/_documents\/en\/V-pulleys-only.pdf\" target=\"_blank\" rel=\"noopener noreferrer\">Poleas V<\/a>\u00a0(2Mb)<\/li>\n<\/ul>\n<h4>Otros links<\/h4>\n<ul>\n<li><a href=\"http:\/\/apps.sitspa.it\/SitDrive\/en-US\/loginen.html\" target=\"_blank\" rel=\"noopener noreferrer\">SITDrive \u2013 calculation<\/a><\/li>\n<li><a href=\"https:\/\/www.traceparts.com\/els\/sit\/es\/search\/sit-pulleys-timing-pulleys-falcon-gtr-high-performance-timing-pulleys?CatalogPath=SIT%3ASIT.1.1.2\">SIT CAD Drawings<\/a><\/li>\n<li><a href=\"https:\/\/dinamica.net\/productos\/regulacion-de-accionamiento\/\" target=\"_blank\" rel=\"noopener noreferrer\" data-wplink-edit=\"true\">Accesorios<\/a><\/li>\n<\/ul>\n<p><strong>SIT TORQUE-FLEX<\/strong> \u00ae\u00a0 Las correas cl\u00e1sicas de alto rendimiento se fabrican de acuerdo con las normas europeas <strong>ISO 4184 y DIN 2215<\/strong>. Dise\u00f1adas para operar a altas velocidades sobre poleas de di\u00e1metro peque\u00f1o y distancias de centro cortas. Tambi\u00e9n, para su uso en unidades m\u00faltiples de correas en v donde se encuentran altas cargas de choque y carga pesada. No requieren selecciones especiales para realizar m\u00faltiples transmisiones, ya que se construyen de acuerdo con el Matchmaker\u00ae System que asegura mejores tolerancias de producci\u00f3n en comparaci\u00f3n con los l\u00edmites impuestos por las regulaciones.<\/p>\n<h2>Caracter\u00edsticas<\/h2>\n<ul>\n<li>Perfil: ZX-AX-BX-CX<\/li>\n<li>Conductora est\u00e1tica (ISO 1813)<\/li>\n<li>Temperatura:-20\/+ 70 \u00b0 c<\/li>\n<li>Miembros de tracci\u00f3n: Vytacord (poli\u00e9ster de alta resistencia)<\/li>\n<li>Compuesto: Wingprene<\/li>\n<\/ul>\n<h2>Ventajas<\/h2>\n<p>Estabilidad dimensional garantizada<br \/>\nMayor flexibilidad (pi\u00f1on moldeado)<br \/>\nLos elementos de tensi\u00f3n est\u00e1n reforzados<br \/>\nMatchmaker\u00ae System<br \/>\nDisponible con poleas en V est\u00e1ndar en material de fundici\u00f3n DIN 1691 GG20\/GG25, con eje s\u00f3lido, para el montaje de buje c\u00f3nico SER-SIT\u00ae, preconfigurado con cubo de gran tama\u00f1o para unidades de autobloqueo o seg\u00fan las especificaciones del cliente.&#8221;<\/p>\n","protected":false},"excerpt":{"rendered":"<p>Downloads Correas y Poleas Troqueladas Cl\u00e1sicas (0,2Mb) Poleas V\u00a0(2Mb) Otros links SITDrive \u2013 calculation SIT CAD Drawings Accesorios SIT TORQUE-FLEX \u00ae\u00a0 Las correas cl\u00e1sicas de alto rendimiento se fabrican de acuerdo con las normas europeas ISO 4184 y DIN 2215. Dise\u00f1adas para operar a altas velocidades sobre poleas de di\u00e1metro peque\u00f1o y distancias de centro [&hellip;]<\/p>\n","protected":false},"author":6,"featured_media":0,"parent":32845,"menu_order":202,"comment_status":"closed","ping_status":"closed","template":"","meta":{"_acf_changed":false,"_et_pb_use_builder":"","_et_pb_old_content":"","_et_gb_content_width":"","inline_featured_image":false,"footnotes":""},"tags":[73],"class_list":["post-33662","page","type-page","status-publish","hentry","tag-no-asociado-en"],"acf":[],"yoast_head":"<!-- This site is optimized with the Yoast SEO plugin v24.4 - https:\/\/yoast.com\/wordpress\/plugins\/seo\/ -->\n<title>SIT TORQUE FLEX\u00ae\u00a0Classical V-Belts and V-Pulleys | Din\u00e1mica<\/title>\n<meta name=\"description\" content=\"SIT TORQUE-FLEX\u00ae-las correas cl\u00e1sicas de alto rendimiento se fabrican de acuerdo con las normas europeas ISO 4184 y DIN 2215. Dise\u00f1ado para operar a altas velocidades sobre poleas de di\u00e1metro peque\u00f1o y distancias de centro cortas.\" \/>\n<meta name=\"robots\" content=\"noindex, follow, max-snippet:-1, max-image-preview:large, max-video-preview:-1\" \/>\n<meta property=\"og:locale\" content=\"en_US\" \/>\n<meta property=\"og:type\" content=\"article\" \/>\n<meta property=\"og:title\" content=\"SIT TORQUE FLEX\u00ae\u00a0Classical V-Belts and V-Pulleys | Din\u00e1mica\" \/>\n<meta property=\"og:description\" content=\"SIT TORQUE-FLEX\u00ae-las correas cl\u00e1sicas de alto rendimiento se fabrican de acuerdo con las normas europeas ISO 4184 y DIN 2215. Dise\u00f1ado para operar a altas velocidades sobre poleas de di\u00e1metro peque\u00f1o y distancias de centro cortas.\" \/>\n<meta property=\"og:url\" content=\"https:\/\/web.dinamica.net\/productos\/correas-trapezoidales\/correas-y-poleas-clasicas-en-v-sit-torque-flex\/\" \/>\n<meta property=\"og:site_name\" content=\"Din\u00e1mica\" \/>\n<meta property=\"article:modified_time\" content=\"2024-06-27T06:53:43+00:00\" \/>\n<meta name=\"twitter:card\" content=\"summary_large_image\" \/>\n<meta name=\"twitter:label1\" content=\"Est. reading time\" \/>\n\t<meta name=\"twitter:data1\" content=\"1 minute\" \/>\n<script type=\"application\/ld+json\" class=\"yoast-schema-graph\">{\"@context\":\"https:\/\/schema.org\",\"@graph\":[{\"@type\":\"WebPage\",\"@id\":\"https:\/\/web.dinamica.net\/productos\/correas-trapezoidales\/correas-y-poleas-clasicas-en-v-sit-torque-flex\/\",\"url\":\"https:\/\/web.dinamica.net\/productos\/correas-trapezoidales\/correas-y-poleas-clasicas-en-v-sit-torque-flex\/\",\"name\":\"SIT TORQUE FLEX\u00ae\u00a0Classical V-Belts and V-Pulleys | Din\u00e1mica\",\"isPartOf\":{\"@id\":\"https:\/\/web.dinamica.net\/#website\"},\"datePublished\":\"2021-08-16T10:14:58+00:00\",\"dateModified\":\"2024-06-27T06:53:43+00:00\",\"description\":\"SIT TORQUE-FLEX\u00ae-las correas cl\u00e1sicas de alto rendimiento se fabrican de acuerdo con las normas europeas ISO 4184 y DIN 2215. Dise\u00f1ado para operar a altas velocidades sobre poleas de di\u00e1metro peque\u00f1o y distancias de centro cortas.\",\"breadcrumb\":{\"@id\":\"https:\/\/web.dinamica.net\/productos\/correas-trapezoidales\/correas-y-poleas-clasicas-en-v-sit-torque-flex\/#breadcrumb\"},\"inLanguage\":\"en-US\",\"potentialAction\":[{\"@type\":\"ReadAction\",\"target\":[\"https:\/\/web.dinamica.net\/productos\/correas-trapezoidales\/correas-y-poleas-clasicas-en-v-sit-torque-flex\/\"]}]},{\"@type\":\"BreadcrumbList\",\"@id\":\"https:\/\/web.dinamica.net\/productos\/correas-trapezoidales\/correas-y-poleas-clasicas-en-v-sit-torque-flex\/#breadcrumb\",\"itemListElement\":[{\"@type\":\"ListItem\",\"position\":1,\"name\":\"Home\",\"item\":\"https:\/\/web.dinamica.net\/en\/\"},{\"@type\":\"ListItem\",\"position\":2,\"name\":\"Products\",\"item\":\"https:\/\/web.dinamica.net\/en\/products\/\"},{\"@type\":\"ListItem\",\"position\":3,\"name\":\"V-Belt drives\",\"item\":\"https:\/\/web.dinamica.net\/en\/products\/v-belt-drives\/\"},{\"@type\":\"ListItem\",\"position\":4,\"name\":\"SIT TORQUE FLEX\u00ae\u00a0Classical V-Belts and V-Pulleys\"}]},{\"@type\":\"WebSite\",\"@id\":\"https:\/\/web.dinamica.net\/#website\",\"url\":\"https:\/\/web.dinamica.net\/\",\"name\":\"Din\u00e1mica\",\"description\":\"Componentes. Soluciones. Transmision de potencia. Movimiento lineal.\",\"publisher\":{\"@id\":\"https:\/\/web.dinamica.net\/#organization\"},\"potentialAction\":[{\"@type\":\"SearchAction\",\"target\":{\"@type\":\"EntryPoint\",\"urlTemplate\":\"https:\/\/web.dinamica.net\/?s={search_term_string}\"},\"query-input\":{\"@type\":\"PropertyValueSpecification\",\"valueRequired\":true,\"valueName\":\"search_term_string\"}}],\"inLanguage\":\"en-US\"},{\"@type\":\"Organization\",\"@id\":\"https:\/\/web.dinamica.net\/#organization\",\"name\":\"Dinamica Drive Solutions,S.A.\",\"url\":\"https:\/\/web.dinamica.net\/\",\"logo\":{\"@type\":\"ImageObject\",\"inLanguage\":\"en-US\",\"@id\":\"https:\/\/web.dinamica.net\/#\/schema\/logo\/image\/\",\"url\":\"https:\/\/dinamica.net\/wp-content\/uploads\/logo-lletres-negres-800.jpg\",\"contentUrl\":\"https:\/\/dinamica.net\/wp-content\/uploads\/logo-lletres-negres-800.jpg\",\"width\":600,\"height\":151,\"caption\":\"Dinamica Drive Solutions,S.A.\"},\"image\":{\"@id\":\"https:\/\/web.dinamica.net\/#\/schema\/logo\/image\/\"},\"sameAs\":[\"https:\/\/www.linkedin.com\/company\/dinamica-ds\"]}]}<\/script>\n<!-- \/ Yoast SEO plugin. -->","yoast_head_json":{"title":"SIT TORQUE FLEX\u00ae\u00a0Classical V-Belts and V-Pulleys | Din\u00e1mica","description":"SIT TORQUE-FLEX\u00ae-las correas cl\u00e1sicas de alto rendimiento se fabrican de acuerdo con las normas europeas ISO 4184 y DIN 2215. Dise\u00f1ado para operar a altas velocidades sobre poleas de di\u00e1metro peque\u00f1o y distancias de centro cortas.","robots":{"index":"noindex","follow":"follow","max-snippet":"max-snippet:-1","max-image-preview":"max-image-preview:large","max-video-preview":"max-video-preview:-1"},"og_locale":"en_US","og_type":"article","og_title":"SIT TORQUE FLEX\u00ae\u00a0Classical V-Belts and V-Pulleys | Din\u00e1mica","og_description":"SIT TORQUE-FLEX\u00ae-las correas cl\u00e1sicas de alto rendimiento se fabrican de acuerdo con las normas europeas ISO 4184 y DIN 2215. Dise\u00f1ado para operar a altas velocidades sobre poleas de di\u00e1metro peque\u00f1o y distancias de centro cortas.","og_url":"https:\/\/web.dinamica.net\/productos\/correas-trapezoidales\/correas-y-poleas-clasicas-en-v-sit-torque-flex\/","og_site_name":"Din\u00e1mica","article_modified_time":"2024-06-27T06:53:43+00:00","twitter_card":"summary_large_image","twitter_misc":{"Est. reading time":"1 minute"},"schema":{"@context":"https:\/\/schema.org","@graph":[{"@type":"WebPage","@id":"https:\/\/web.dinamica.net\/productos\/correas-trapezoidales\/correas-y-poleas-clasicas-en-v-sit-torque-flex\/","url":"https:\/\/web.dinamica.net\/productos\/correas-trapezoidales\/correas-y-poleas-clasicas-en-v-sit-torque-flex\/","name":"SIT TORQUE FLEX\u00ae\u00a0Classical V-Belts and V-Pulleys | Din\u00e1mica","isPartOf":{"@id":"https:\/\/web.dinamica.net\/#website"},"datePublished":"2021-08-16T10:14:58+00:00","dateModified":"2024-06-27T06:53:43+00:00","description":"SIT TORQUE-FLEX\u00ae-las correas cl\u00e1sicas de alto rendimiento se fabrican de acuerdo con las normas europeas ISO 4184 y DIN 2215. Dise\u00f1ado para operar a altas velocidades sobre poleas de di\u00e1metro peque\u00f1o y distancias de centro cortas.","breadcrumb":{"@id":"https:\/\/web.dinamica.net\/productos\/correas-trapezoidales\/correas-y-poleas-clasicas-en-v-sit-torque-flex\/#breadcrumb"},"inLanguage":"en-US","potentialAction":[{"@type":"ReadAction","target":["https:\/\/web.dinamica.net\/productos\/correas-trapezoidales\/correas-y-poleas-clasicas-en-v-sit-torque-flex\/"]}]},{"@type":"BreadcrumbList","@id":"https:\/\/web.dinamica.net\/productos\/correas-trapezoidales\/correas-y-poleas-clasicas-en-v-sit-torque-flex\/#breadcrumb","itemListElement":[{"@type":"ListItem","position":1,"name":"Home","item":"https:\/\/web.dinamica.net\/en\/"},{"@type":"ListItem","position":2,"name":"Products","item":"https:\/\/web.dinamica.net\/en\/products\/"},{"@type":"ListItem","position":3,"name":"V-Belt drives","item":"https:\/\/web.dinamica.net\/en\/products\/v-belt-drives\/"},{"@type":"ListItem","position":4,"name":"SIT TORQUE FLEX\u00ae\u00a0Classical V-Belts and V-Pulleys"}]},{"@type":"WebSite","@id":"https:\/\/web.dinamica.net\/#website","url":"https:\/\/web.dinamica.net\/","name":"Din\u00e1mica","description":"Componentes. Soluciones. Transmision de potencia. Movimiento lineal.","publisher":{"@id":"https:\/\/web.dinamica.net\/#organization"},"potentialAction":[{"@type":"SearchAction","target":{"@type":"EntryPoint","urlTemplate":"https:\/\/web.dinamica.net\/?s={search_term_string}"},"query-input":{"@type":"PropertyValueSpecification","valueRequired":true,"valueName":"search_term_string"}}],"inLanguage":"en-US"},{"@type":"Organization","@id":"https:\/\/web.dinamica.net\/#organization","name":"Dinamica Drive Solutions,S.A.","url":"https:\/\/web.dinamica.net\/","logo":{"@type":"ImageObject","inLanguage":"en-US","@id":"https:\/\/web.dinamica.net\/#\/schema\/logo\/image\/","url":"https:\/\/dinamica.net\/wp-content\/uploads\/logo-lletres-negres-800.jpg","contentUrl":"https:\/\/dinamica.net\/wp-content\/uploads\/logo-lletres-negres-800.jpg","width":600,"height":151,"caption":"Dinamica Drive Solutions,S.A."},"image":{"@id":"https:\/\/web.dinamica.net\/#\/schema\/logo\/image\/"},"sameAs":["https:\/\/www.linkedin.com\/company\/dinamica-ds"]}]}},"_links":{"self":[{"href":"https:\/\/web.dinamica.net\/en\/wp-json\/wp\/v2\/pages\/33662","targetHints":{"allow":["GET"]}}],"collection":[{"href":"https:\/\/web.dinamica.net\/en\/wp-json\/wp\/v2\/pages"}],"about":[{"href":"https:\/\/web.dinamica.net\/en\/wp-json\/wp\/v2\/types\/page"}],"author":[{"embeddable":true,"href":"https:\/\/web.dinamica.net\/en\/wp-json\/wp\/v2\/users\/6"}],"replies":[{"embeddable":true,"href":"https:\/\/web.dinamica.net\/en\/wp-json\/wp\/v2\/comments?post=33662"}],"version-history":[{"count":3,"href":"https:\/\/web.dinamica.net\/en\/wp-json\/wp\/v2\/pages\/33662\/revisions"}],"predecessor-version":[{"id":35222,"href":"https:\/\/web.dinamica.net\/en\/wp-json\/wp\/v2\/pages\/33662\/revisions\/35222"}],"up":[{"embeddable":true,"href":"https:\/\/web.dinamica.net\/en\/wp-json\/wp\/v2\/pages\/32845"}],"wp:attachment":[{"href":"https:\/\/web.dinamica.net\/en\/wp-json\/wp\/v2\/media?parent=33662"}],"wp:term":[{"taxonomy":"post_tag","embeddable":true,"href":"https:\/\/web.dinamica.net\/en\/wp-json\/wp\/v2\/tags?post=33662"}],"curies":[{"name":"wp","href":"https:\/\/api.w.org\/{rel}","templated":true}]}}