{"id":30865,"date":"2019-05-23T11:20:13","date_gmt":"2019-05-23T09:20:13","guid":{"rendered":"https:\/\/dinamica.net\/herramientas-online\/"},"modified":"2024-09-19T10:51:43","modified_gmt":"2024-09-19T08:51:43","slug":"tools","status":"publish","type":"page","link":"https:\/\/web.dinamica.net\/en\/tools\/","title":{"rendered":"Tools"},"content":{"rendered":"<p>[et_pb_section fb_built=&#8221;1&#8243; _builder_version=&#8221;4.24.2&#8243; _module_preset=&#8221;default&#8221; use_background_color_gradient=&#8221;on&#8221; background_color_gradient_stops=&#8221;rgba(0,0,0,0.7) 0%|rgba(0,0,0,0.7) 100%&#8221; background_color_gradient_overlays_image=&#8221;on&#8221; background_image=&#8221;https:\/\/dinamica.net\/wp-content\/uploads\/cabecera-productos.jpg&#8221; parallax=&#8221;on&#8221; parallax_method=&#8221;off&#8221; custom_padding=&#8221;10px||10px||true|false&#8221; locked=&#8221;off&#8221; global_colors_info=&#8221;{}&#8221;][et_pb_row column_structure=&#8221;3_5,2_5&#8243; _builder_version=&#8221;4.25.0&#8243; _module_preset=&#8221;default&#8221; custom_padding=&#8221;||0px||false|false&#8221; locked=&#8221;off&#8221; global_colors_info=&#8221;{}&#8221;][et_pb_column type=&#8221;3_5&#8243; _builder_version=&#8221;4.24.2&#8243; _module_preset=&#8221;default&#8221; global_colors_info=&#8221;{}&#8221;][et_pb_text _builder_version=&#8221;4.25.0&#8243; _dynamic_attributes=&#8221;content&#8221; _module_preset=&#8221;default&#8221; header_font=&#8221;Roboto|900|||||||&#8221; header_text_color=&#8221;#009b4f&#8221; header_font_size=&#8221;40px&#8221; custom_margin=&#8221;||6px||false|false&#8221; custom_padding=&#8221;||0px||false|false&#8221; global_colors_info=&#8221;{}&#8221;]@ET-DC@eyJkeW5hbWljIjp0cnVlLCJjb250ZW50IjoicG9zdF90aXRsZSIsInNldHRpbmdzIjp7ImJlZm9yZSI6IjxoMT4iLCJhZnRlciI6IjwvaDE+In19@[\/et_pb_text][\/et_pb_column][et_pb_column type=&#8221;2_5&#8243; _builder_version=&#8221;4.25.0&#8243; _module_preset=&#8221;default&#8221; custom_padding=&#8221;9px||||false|false&#8221; custom_padding_tablet=&#8221;9px||||false|false&#8221; custom_padding_phone=&#8221;0px||||false|false&#8221; custom_padding_last_edited=&#8221;on|phone&#8221; global_colors_info=&#8221;{}&#8221;][lwp_divi_breadcrumbs _builder_version=&#8221;4.25.0&#8243; _module_preset=&#8221;default&#8221; module_text_align=&#8221;right&#8221; custom_margin=&#8221;0px||0px||true|false&#8221; custom_padding=&#8221;0px||0px||false|false&#8221; module_text_align_tablet=&#8221;right&#8221; module_text_align_phone=&#8221;left&#8221; module_text_align_last_edited=&#8221;on|desktop&#8221; global_colors_info=&#8221;{}&#8221;][\/lwp_divi_breadcrumbs][\/et_pb_column][\/et_pb_row][\/et_pb_section][et_pb_section fb_built=&#8221;1&#8243; _builder_version=&#8221;4.16&#8243; locked=&#8221;off&#8221; global_colors_info=&#8221;{}&#8221;][et_pb_row column_structure=&#8221;1_3,1_3,1_3&#8243; _builder_version=&#8221;4.25.0&#8243; _module_preset=&#8221;default&#8221; global_colors_info=&#8221;{}&#8221;][et_pb_column type=&#8221;1_3&#8243; _builder_version=&#8221;4.25.0&#8243; _module_preset=&#8221;default&#8221; global_colors_info=&#8221;{}&#8221;][et_pb_blurb title=&#8221;SIT CAD Drawings&#8221; url=&#8221;https:\/\/www.traceparts.com\/els\/sit\/es\/search\/sit?CatalogPath=SIT%3AF_SIT&#8221; url_new_window=&#8221;on&#8221; image=&#8221;https:\/\/dinamica.net\/wp-content\/uploads\/COMPAS-1.svg&#8221; image_icon_width=&#8221;25%&#8221; _builder_version=&#8221;4.25.0&#8243; _module_preset=&#8221;default&#8221; header_text_align=&#8221;center&#8221; body_font=&#8221;Roboto|300|||||||&#8221; body_text_align=&#8221;center&#8221; body_text_color=&#8221;#000000&#8243; global_colors_info=&#8221;{}&#8221;]<\/p>\n<p>Downloads in CAD of Pulleys, Couplings and other Mechanical Elements.<\/p>\n<p>[\/et_pb_blurb][\/et_pb_column][et_pb_column type=&#8221;1_3&#8243; _builder_version=&#8221;4.25.0&#8243; _module_preset=&#8221;default&#8221; global_colors_info=&#8221;{}&#8221;][et_pb_blurb title=&#8221;MULCO Belt-pilot&#8221; url=&#8221;https:\/\/www.belt-pilot.com\/index.php?id=382&#038;L=6&#8243; url_new_window=&#8221;on&#8221; image=&#8221;https:\/\/dinamica.net\/wp-content\/uploads\/2.svg&#8221; image_icon_width=&#8221;25%&#8221; _builder_version=&#8221;4.25.0&#8243; _module_preset=&#8221;default&#8221; header_text_align=&#8221;center&#8221; body_font=&#8221;Roboto|300|||||||&#8221; body_text_align=&#8221;center&#8221; body_text_color=&#8221;#000000&#8243; global_colors_info=&#8221;{}&#8221;]<\/p>\n<p>Calculation of Polyurethane Belts. Download the drawings in CAD or PDF.<\/p>\n<p>[\/et_pb_blurb][\/et_pb_column][et_pb_column type=&#8221;1_3&#8243; _builder_version=&#8221;4.25.0&#8243; _module_preset=&#8221;default&#8221; global_colors_info=&#8221;{}&#8221;][et_pb_blurb title=&#8221;Nidec-Shimpo Selection&#8221; url=&#8221;https:\/\/www.nidec-drivetechnology.co.jp\/selection\/all\/index.php&#8221; url_new_window=&#8221;on&#8221; image=&#8221;https:\/\/dinamica.net\/wp-content\/uploads\/3.svg&#8221; image_icon_width=&#8221;25%&#8221; _builder_version=&#8221;4.25.0&#8243; _module_preset=&#8221;default&#8221; header_text_align=&#8221;center&#8221; body_font=&#8221;Roboto|300|||||||&#8221; body_text_align=&#8221;center&#8221; body_text_color=&#8221;#000000&#8243; global_colors_info=&#8221;{}&#8221;]<\/p>\n<p>Drive calculation for Rubber and Polyurethane Belts.<\/p>\n<p>[\/et_pb_blurb][\/et_pb_column][\/et_pb_row][et_pb_row column_structure=&#8221;1_3,1_3,1_3&#8243; _builder_version=&#8221;4.25.0&#8243; _module_preset=&#8221;default&#8221; global_colors_info=&#8221;{}&#8221;][et_pb_column type=&#8221;1_3&#8243; _builder_version=&#8221;4.25.0&#8243; _module_preset=&#8221;default&#8221; global_colors_info=&#8221;{}&#8221;][et_pb_blurb title=&#8221;GRAESSNER CAD Drawings&#8221; url=&#8221;https:\/\/www.traceparts.com\/els\/graessner\/en\/search\/nidec-graessner-gmbh-co-kg?CatalogPath=GRAESSNER%3AF_GRAESSNER&#8221; url_new_window=&#8221;on&#8221; image=&#8221;https:\/\/dinamica.net\/wp-content\/uploads\/COMPAS-1.svg&#8221; image_icon_width=&#8221;25%&#8221; _builder_version=&#8221;4.25.0&#8243; _module_preset=&#8221;default&#8221; header_text_align=&#8221;center&#8221; body_font=&#8221;Roboto|300|||||||&#8221; body_text_align=&#8221;center&#8221; body_text_color=&#8221;#000000&#8243; global_colors_info=&#8221;{}&#8221;]<\/p>\n<p>Graessner CAD Drawings<\/p>\n<p>[\/et_pb_blurb][\/et_pb_column][et_pb_column type=&#8221;1_3&#8243; _builder_version=&#8221;4.25.0&#8243; _module_preset=&#8221;default&#8221; global_colors_info=&#8221;{}&#8221;][et_pb_blurb title=&#8221;SitCoupling&#8221; url=&#8221;https:\/\/apps2.sitspa.it\/#\/loginSit&#8221; url_new_window=&#8221;on&#8221; image=&#8221;https:\/\/dinamica.net\/wp-content\/uploads\/sitcoupling.svg&#8221; image_icon_width=&#8221;25%&#8221; _builder_version=&#8221;4.25.0&#8243; _module_preset=&#8221;default&#8221; header_text_align=&#8221;center&#8221; body_font=&#8221;Roboto|300|||||||&#8221; body_text_align=&#8221;center&#8221; body_text_color=&#8221;#000000&#8243; global_colors_info=&#8221;{}&#8221;]<\/p>\n<p>Calculation Software for Power Transmission Couplings.<\/p>\n<p>[\/et_pb_blurb][\/et_pb_column][et_pb_column type=&#8221;1_3&#8243; _builder_version=&#8221;4.25.0&#8243; _module_preset=&#8221;default&#8221; global_colors_info=&#8221;{}&#8221;][et_pb_blurb title=&#8221;SitDrive&#8221; url=&#8221;https:\/\/apps2.sitspa.it\/#\/loginSit&#8221; url_new_window=&#8221;on&#8221; image=&#8221;https:\/\/dinamica.net\/wp-content\/uploads\/SIT.svg&#8221; image_icon_width=&#8221;25%&#8221; _builder_version=&#8221;4.25.0&#8243; _module_preset=&#8221;default&#8221; header_text_align=&#8221;center&#8221; body_font=&#8221;Roboto|300|||||||&#8221; body_text_align=&#8221;center&#8221; body_text_color=&#8221;#000000&#8243; global_colors_info=&#8221;{}&#8221;]<\/p>\n<p>Timing Belts calculation program.<\/p>\n<p>[\/et_pb_blurb][\/et_pb_column][\/et_pb_row][et_pb_row column_structure=&#8221;1_3,1_3,1_3&#8243; _builder_version=&#8221;4.25.0&#8243; _module_preset=&#8221;default&#8221; global_colors_info=&#8221;{}&#8221;][et_pb_column type=&#8221;1_3&#8243; _builder_version=&#8221;4.25.0&#8243; _module_preset=&#8221;default&#8221; global_colors_info=&#8221;{}&#8221;][et_pb_blurb title=&#8221;ASAHI CAD Drawings&#8221; url=&#8221;https:\/\/www.asahiseiko.co.jp\/product\/bearings\/index\/index_bu.html&#8221; url_new_window=&#8221;on&#8221; image=&#8221;https:\/\/dinamica.net\/wp-content\/uploads\/asahi.svg&#8221; image_icon_width=&#8221;25%&#8221; _builder_version=&#8221;4.25.0&#8243; _module_preset=&#8221;default&#8221; header_text_align=&#8221;center&#8221; body_font=&#8221;Roboto|300|||||||&#8221; body_text_align=&#8221;center&#8221; body_text_color=&#8221;#000000&#8243; global_colors_info=&#8221;{}&#8221;]<\/p>\n<p>CAD Downloads of Pulleys, Couplings and other ASAHI Mechanical Elements<\/p>\n<p>[\/et_pb_blurb][\/et_pb_column][et_pb_column type=&#8221;1_3&#8243; _builder_version=&#8221;4.25.0&#8243; _module_preset=&#8221;default&#8221; global_colors_info=&#8221;{}&#8221;][et_pb_blurb title=&#8221;ISO 9001 Spanish Certificate&#8221; url=&#8221;https:\/\/web.dinamica.net\/wp-content\/uploads\/ISO_es.pdf&#8221; url_new_window=&#8221;on&#8221; image=&#8221;https:\/\/dinamica.net\/wp-content\/uploads\/ISO.svg&#8221; image_icon_width=&#8221;27%&#8221; _builder_version=&#8221;4.25.0&#8243; _module_preset=&#8221;default&#8221; header_text_align=&#8221;center&#8221; body_font=&#8221;Roboto|300|||||||&#8221; body_text_align=&#8221;center&#8221; body_text_color=&#8221;#000000&#8243; global_colors_info=&#8221;{}&#8221;]<\/p>\n<p>ISO 9001 Spanish Certificate<\/p>\n<p>[\/et_pb_blurb][\/et_pb_column][et_pb_column type=&#8221;1_3&#8243; _builder_version=&#8221;4.25.0&#8243; _module_preset=&#8221;default&#8221; global_colors_info=&#8221;{}&#8221;][et_pb_blurb title=&#8221;Certificate ISO 9001 English&#8221; url=&#8221;https:\/\/web.dinamica.net\/wp-content\/uploads\/ISO_ing.pdf&#8221; url_new_window=&#8221;on&#8221; image=&#8221;https:\/\/dinamica.net\/wp-content\/uploads\/ISO.svg&#8221; image_icon_width=&#8221;27%&#8221; _builder_version=&#8221;4.25.0&#8243; _module_preset=&#8221;default&#8221; header_text_align=&#8221;center&#8221; body_font=&#8221;Roboto|300|||||||&#8221; body_text_align=&#8221;center&#8221; body_text_color=&#8221;#000000&#8243; global_colors_info=&#8221;{}&#8221;]<\/p>\n<p>Certificate ISO 9001 English<\/p>\n<p>[\/et_pb_blurb][\/et_pb_column][\/et_pb_row][\/et_pb_section][et_pb_section fb_built=&#8221;1&#8243; _builder_version=&#8221;4.24.1&#8243; _module_preset=&#8221;default&#8221; background_color=&#8221;gcid-06725cdd-daa5-4c0f-8b5f-a4a8f46e940a&#8221; custom_margin=&#8221;0px||0px||false|false&#8221; custom_padding=&#8221;0px||0px||true|false&#8221; locked=&#8221;off&#8221; global_colors_info=&#8221;{%22gcid-06725cdd-daa5-4c0f-8b5f-a4a8f46e940a%22:%91%22background_color%22%93}&#8221;][et_pb_row column_structure=&#8221;3_4,1_4&#8243; use_custom_gutter=&#8221;on&#8221; make_equal=&#8221;on&#8221; _builder_version=&#8221;4.24.1&#8243; _module_preset=&#8221;default&#8221; global_colors_info=&#8221;{}&#8221;][et_pb_column type=&#8221;3_4&#8243; module_class=&#8221;ds-vertical-align&#8221; _builder_version=&#8221;4.24.1&#8243; _module_preset=&#8221;default&#8221; global_colors_info=&#8221;{}&#8221;][et_pb_text _builder_version=&#8221;4.25.0&#8243; _module_preset=&#8221;default&#8221; text_font=&#8221;Roboto|300||on|||||&#8221; text_text_color=&#8221;#FFFFFF&#8221; text_font_size=&#8221;17px&#8221; text_line_height=&#8221;1.2em&#8221; header_2_font=&#8221;Roboto|300|||||||&#8221; header_2_text_color=&#8221;#FFFFFF&#8221; header_2_font_size=&#8221;30px&#8221; custom_margin=&#8221;||5px||false|false&#8221; custom_padding=&#8221;||0px||false|false&#8221; global_colors_info=&#8221;{}&#8221;]We provide you with complete advice[\/et_pb_text][et_pb_text _builder_version=&#8221;4.25.0&#8243; header_font=&#8221;Roboto|900|||||||&#8221; header_text_align=&#8221;left&#8221; header_text_color=&#8221;#FFFFFF&#8221; header_font_size=&#8221;42px&#8221; header_line_height=&#8221;1.3em&#8221; header_font_size_tablet=&#8221;35px&#8221; header_font_size_phone=&#8221;30px&#8221; header_font_size_last_edited=&#8221;on|phone&#8221; global_colors_info=&#8221;{}&#8221;]<\/p>\n<h1>Contact us for more information?<\/h1>\n<p>[\/et_pb_text][\/et_pb_column][et_pb_column type=&#8221;1_4&#8243; module_class=&#8221;ds-vertical-align&#8221; _builder_version=&#8221;4.24.1&#8243; _module_preset=&#8221;default&#8221; global_colors_info=&#8221;{}&#8221;][et_pb_button button_url=&#8221;@ET-DC@eyJkeW5hbWljIjp0cnVlLCJjb250ZW50IjoicG9zdF9saW5rX3VybF9wYWdlIiwic2V0dGluZ3MiOnsicG9zdF9pZCI6IjIzNjU0In19@&#8221; button_text=&#8221;CONTACT&#8221; button_alignment=&#8221;right&#8221; button_alignment_tablet=&#8221;left&#8221; button_alignment_phone=&#8221;left&#8221; button_alignment_last_edited=&#8221;on|tablet&#8221; _builder_version=&#8221;4.25.0&#8243; _dynamic_attributes=&#8221;button_url&#8221; custom_button=&#8221;on&#8221; button_text_size=&#8221;15px&#8221; button_border_width=&#8221;1px&#8221; button_border_color=&#8221;#ffffff&#8221; button_border_radius=&#8221;0px&#8221; button_letter_spacing=&#8221;1px&#8221; button_font=&#8221;Roboto|300||on|||||&#8221; button_icon=&#8221;&#x35;||divi||400&#8243; button_on_hover=&#8221;off&#8221; custom_margin=&#8221;||||false|false&#8221; custom_margin_tablet=&#8221;40px||||false|false&#8221; custom_margin_phone=&#8221;20px||||false|false&#8221; custom_margin_last_edited=&#8221;on|phone&#8221; custom_padding=&#8221;12px|40px|12px|40px|false|true&#8221; global_colors_info=&#8221;{}&#8221; button_border_color__hover_enabled=&#8221;on|hover&#8221; button_border_color__hover=&#8221;#000000&#8243; button_letter_spacing__hover_enabled=&#8221;on|desktop&#8221; button_letter_spacing__hover=&#8221;0px&#8221;][\/et_pb_button][\/et_pb_column][\/et_pb_row][\/et_pb_section]<\/p>\n","protected":false},"excerpt":{"rendered":"<p><div class=\"et_pb_module lwp_divi_breadcrumbs lwp_divi_breadcrumbs_0\">\n\t\t\t\t\n\t\t\t\t\n\t\t\t\t\n\t\t\t\t\n\t\t\t\t\n\t\t\t\t\n\t\t\t\t<div class=\"et_pb_module_inner\">\n\t\t\t\t\t<div class=\"lwp-breadcrumbs\"> <span class=\"before\"><\/span> <span vocab=\"https:\/\/schema.org\/\" typeof=\"BreadcrumbList\"><span property=\"itemListElement\" typeof=\"ListItem\"><a property=\"item\" typeof=\"WebPage\" href=\"https:\/\/web.dinamica.net\/en\/\" class=\"home\"><span property=\"name\">Home<\/span><\/a><meta property=\"position\" content=\"1\"><\/span> <span class=\"separator et-pb-icon\">&#x39;<\/span> <\/span><\/div>\n\t\t\t\t<\/div>\n\t\t\t<\/div>Downloads in CAD of Pulleys, Couplings and other Mechanical Elements.Calculation of Polyurethane Belts. Download the drawings in CAD or PDF.Drive calculation for Rubber and Polyurethane Belts.Graessner CAD DrawingsCalculation Software for Power Transmission Couplings.Timing Belts calculation program.CAD Downloads of Pulleys, Couplings and other ASAHI Mechanical ElementsISO 9001 [&hellip;]<\/p>\n","protected":false},"author":4,"featured_media":0,"parent":0,"menu_order":0,"comment_status":"closed","ping_status":"open","template":"","meta":{"_acf_changed":false,"_et_pb_use_builder":"on","_et_pb_old_content":"","_et_gb_content_width":"","inline_featured_image":false,"footnotes":""},"tags":[],"class_list":["post-30865","page","type-page","status-publish","hentry"],"acf":[],"yoast_head":"<!-- This site is optimized with the Yoast SEO plugin v24.4 - https:\/\/yoast.com\/wordpress\/plugins\/seo\/ -->\n<title>Tools | Din\u00e1mica<\/title>\n<meta name=\"description\" content=\"En esta secci\u00f3n puede encontrar programas y herramientas online para dimensionar la transmisi\u00f3n, descargar dibujos CAD, consultar acciones, enviar pedidos 24\/7 directamente desde la web y m\u00e1s.\" \/>\n<meta name=\"robots\" content=\"noindex, follow, max-snippet:-1, max-image-preview:large, max-video-preview:-1\" \/>\n<meta property=\"og:locale\" content=\"en_US\" \/>\n<meta property=\"og:type\" content=\"article\" \/>\n<meta property=\"og:title\" content=\"Tools | Din\u00e1mica\" \/>\n<meta property=\"og:description\" content=\"En esta secci\u00f3n puede encontrar programas y herramientas online para dimensionar la transmisi\u00f3n, descargar dibujos CAD, consultar acciones, enviar pedidos 24\/7 directamente desde la web y m\u00e1s.\" \/>\n<meta property=\"og:url\" content=\"https:\/\/web.dinamica.net\/en\/tools\/\" \/>\n<meta property=\"og:site_name\" content=\"Din\u00e1mica\" \/>\n<meta property=\"article:modified_time\" content=\"2024-09-19T08:51:43+00:00\" \/>\n<meta name=\"twitter:card\" content=\"summary_large_image\" \/>\n<meta name=\"twitter:label1\" content=\"Est. reading time\" \/>\n\t<meta name=\"twitter:data1\" content=\"1 minute\" \/>\n<script type=\"application\/ld+json\" class=\"yoast-schema-graph\">{\"@context\":\"https:\/\/schema.org\",\"@graph\":[{\"@type\":\"WebPage\",\"@id\":\"https:\/\/web.dinamica.net\/en\/tools\/\",\"url\":\"https:\/\/web.dinamica.net\/en\/tools\/\",\"name\":\"Tools | Din\u00e1mica\",\"isPartOf\":{\"@id\":\"https:\/\/web.dinamica.net\/#website\"},\"datePublished\":\"2019-05-23T09:20:13+00:00\",\"dateModified\":\"2024-09-19T08:51:43+00:00\",\"description\":\"En esta secci\u00f3n puede encontrar programas y herramientas online para dimensionar la transmisi\u00f3n, descargar dibujos CAD, consultar acciones, enviar pedidos 24\/7 directamente desde la web y m\u00e1s.\",\"breadcrumb\":{\"@id\":\"https:\/\/web.dinamica.net\/en\/tools\/#breadcrumb\"},\"inLanguage\":\"en-US\",\"potentialAction\":[{\"@type\":\"ReadAction\",\"target\":[\"https:\/\/web.dinamica.net\/en\/tools\/\"]}]},{\"@type\":\"BreadcrumbList\",\"@id\":\"https:\/\/web.dinamica.net\/en\/tools\/#breadcrumb\",\"itemListElement\":[{\"@type\":\"ListItem\",\"position\":1,\"name\":\"Home\",\"item\":\"https:\/\/web.dinamica.net\/en\/\"},{\"@type\":\"ListItem\",\"position\":2,\"name\":\"Tools\"}]},{\"@type\":\"WebSite\",\"@id\":\"https:\/\/web.dinamica.net\/#website\",\"url\":\"https:\/\/web.dinamica.net\/\",\"name\":\"Din\u00e1mica\",\"description\":\"Componentes. Soluciones. Transmision de potencia. Movimiento lineal.\",\"publisher\":{\"@id\":\"https:\/\/web.dinamica.net\/#organization\"},\"potentialAction\":[{\"@type\":\"SearchAction\",\"target\":{\"@type\":\"EntryPoint\",\"urlTemplate\":\"https:\/\/web.dinamica.net\/?s={search_term_string}\"},\"query-input\":{\"@type\":\"PropertyValueSpecification\",\"valueRequired\":true,\"valueName\":\"search_term_string\"}}],\"inLanguage\":\"en-US\"},{\"@type\":\"Organization\",\"@id\":\"https:\/\/web.dinamica.net\/#organization\",\"name\":\"Dinamica Drive Solutions,S.A.\",\"url\":\"https:\/\/web.dinamica.net\/\",\"logo\":{\"@type\":\"ImageObject\",\"inLanguage\":\"en-US\",\"@id\":\"https:\/\/web.dinamica.net\/#\/schema\/logo\/image\/\",\"url\":\"https:\/\/dinamica.net\/wp-content\/uploads\/logo-lletres-negres-800.jpg\",\"contentUrl\":\"https:\/\/dinamica.net\/wp-content\/uploads\/logo-lletres-negres-800.jpg\",\"width\":600,\"height\":151,\"caption\":\"Dinamica Drive Solutions,S.A.\"},\"image\":{\"@id\":\"https:\/\/web.dinamica.net\/#\/schema\/logo\/image\/\"},\"sameAs\":[\"https:\/\/www.linkedin.com\/company\/dinamica-ds\"]}]}<\/script>\n<!-- \/ Yoast SEO plugin. -->","yoast_head_json":{"title":"Tools | Din\u00e1mica","description":"En esta secci\u00f3n puede encontrar programas y herramientas online para dimensionar la transmisi\u00f3n, descargar dibujos CAD, consultar acciones, enviar pedidos 24\/7 directamente desde la web y m\u00e1s.","robots":{"index":"noindex","follow":"follow","max-snippet":"max-snippet:-1","max-image-preview":"max-image-preview:large","max-video-preview":"max-video-preview:-1"},"og_locale":"en_US","og_type":"article","og_title":"Tools | Din\u00e1mica","og_description":"En esta secci\u00f3n puede encontrar programas y herramientas online para dimensionar la transmisi\u00f3n, descargar dibujos CAD, consultar acciones, enviar pedidos 24\/7 directamente desde la web y m\u00e1s.","og_url":"https:\/\/web.dinamica.net\/en\/tools\/","og_site_name":"Din\u00e1mica","article_modified_time":"2024-09-19T08:51:43+00:00","twitter_card":"summary_large_image","twitter_misc":{"Est. reading time":"1 minute"},"schema":{"@context":"https:\/\/schema.org","@graph":[{"@type":"WebPage","@id":"https:\/\/web.dinamica.net\/en\/tools\/","url":"https:\/\/web.dinamica.net\/en\/tools\/","name":"Tools | Din\u00e1mica","isPartOf":{"@id":"https:\/\/web.dinamica.net\/#website"},"datePublished":"2019-05-23T09:20:13+00:00","dateModified":"2024-09-19T08:51:43+00:00","description":"En esta secci\u00f3n puede encontrar programas y herramientas online para dimensionar la transmisi\u00f3n, descargar dibujos CAD, consultar acciones, enviar pedidos 24\/7 directamente desde la web y m\u00e1s.","breadcrumb":{"@id":"https:\/\/web.dinamica.net\/en\/tools\/#breadcrumb"},"inLanguage":"en-US","potentialAction":[{"@type":"ReadAction","target":["https:\/\/web.dinamica.net\/en\/tools\/"]}]},{"@type":"BreadcrumbList","@id":"https:\/\/web.dinamica.net\/en\/tools\/#breadcrumb","itemListElement":[{"@type":"ListItem","position":1,"name":"Home","item":"https:\/\/web.dinamica.net\/en\/"},{"@type":"ListItem","position":2,"name":"Tools"}]},{"@type":"WebSite","@id":"https:\/\/web.dinamica.net\/#website","url":"https:\/\/web.dinamica.net\/","name":"Din\u00e1mica","description":"Componentes. Soluciones. Transmision de potencia. Movimiento lineal.","publisher":{"@id":"https:\/\/web.dinamica.net\/#organization"},"potentialAction":[{"@type":"SearchAction","target":{"@type":"EntryPoint","urlTemplate":"https:\/\/web.dinamica.net\/?s={search_term_string}"},"query-input":{"@type":"PropertyValueSpecification","valueRequired":true,"valueName":"search_term_string"}}],"inLanguage":"en-US"},{"@type":"Organization","@id":"https:\/\/web.dinamica.net\/#organization","name":"Dinamica Drive Solutions,S.A.","url":"https:\/\/web.dinamica.net\/","logo":{"@type":"ImageObject","inLanguage":"en-US","@id":"https:\/\/web.dinamica.net\/#\/schema\/logo\/image\/","url":"https:\/\/dinamica.net\/wp-content\/uploads\/logo-lletres-negres-800.jpg","contentUrl":"https:\/\/dinamica.net\/wp-content\/uploads\/logo-lletres-negres-800.jpg","width":600,"height":151,"caption":"Dinamica Drive Solutions,S.A."},"image":{"@id":"https:\/\/web.dinamica.net\/#\/schema\/logo\/image\/"},"sameAs":["https:\/\/www.linkedin.com\/company\/dinamica-ds"]}]}},"_links":{"self":[{"href":"https:\/\/web.dinamica.net\/en\/wp-json\/wp\/v2\/pages\/30865","targetHints":{"allow":["GET"]}}],"collection":[{"href":"https:\/\/web.dinamica.net\/en\/wp-json\/wp\/v2\/pages"}],"about":[{"href":"https:\/\/web.dinamica.net\/en\/wp-json\/wp\/v2\/types\/page"}],"author":[{"embeddable":true,"href":"https:\/\/web.dinamica.net\/en\/wp-json\/wp\/v2\/users\/4"}],"replies":[{"embeddable":true,"href":"https:\/\/web.dinamica.net\/en\/wp-json\/wp\/v2\/comments?post=30865"}],"version-history":[{"count":5,"href":"https:\/\/web.dinamica.net\/en\/wp-json\/wp\/v2\/pages\/30865\/revisions"}],"predecessor-version":[{"id":36092,"href":"https:\/\/web.dinamica.net\/en\/wp-json\/wp\/v2\/pages\/30865\/revisions\/36092"}],"wp:attachment":[{"href":"https:\/\/web.dinamica.net\/en\/wp-json\/wp\/v2\/media?parent=30865"}],"wp:term":[{"taxonomy":"post_tag","embeddable":true,"href":"https:\/\/web.dinamica.net\/en\/wp-json\/wp\/v2\/tags?post=30865"}],"curies":[{"name":"wp","href":"https:\/\/api.w.org\/{rel}","templated":true}]}}